{"id":813,"date":"2024-11-25T15:30:27","date_gmt":"2024-11-25T19:30:27","guid":{"rendered":"https:\/\/rociolamichesteticayspa.com\/?post_type=product&#038;p=813"},"modified":"2025-10-05T16:42:18","modified_gmt":"2025-10-05T20:42:18","slug":"double-phase-remover-2","status":"publish","type":"product","link":"https:\/\/rociolamichesteticayspa.com\/index.php\/product\/double-phase-remover-2\/","title":{"rendered":"Double-phase Remover"},"content":{"rendered":"<p>Desmaquillante bif\u00e1sico de rostro natural* (aceite y agua, O\/W) que act\u00faa como primer paso para una limpieza facial completa.<\/p>\n<p>Capaz de retirar suavemente y de inmediato, todo tipo de maquillaje e impurezas acumuladas a lo largo del d\u00eda.<br \/>\nLa avanzada f\u00f3rmula natural* de este desmaquillante bif\u00e1sico elimina el maquillaje de las zonas m\u00e1s sensibles del rostro, contorno de ojos, p\u00e1rpados, pesta\u00f1as y labios.<\/p>\n<p>Muy eficaz retirando maquillaje resistente al agua (waterproof), delineadores de ojos y labiales de larga duraci\u00f3n.<br \/>\nSu alto poder de arrastre se debe a su f\u00f3rmula de doble fase, aceite y agua (O\/W).<\/p>\n<p>Gracias a su fase oleosa del desmaquillante de rostro, con una perfecta combinaci\u00f3n de aceites naturales, aporta una limpieza profunda pero muy respetuosa con la piel que permite eliminar las c\u00e9lulas muertas y la suciedad del interior de los poros, al mismo tiempo que protege, hidrata y suaviza las capas m\u00e1s superficiales de la piel.<\/p>\n<p>Su fase acuosa, enriquecida con la delicada alga rosa, aporta una excepcional sensaci\u00f3n de bienestar, ya que preserva la hidrataci\u00f3n natural de la piel y proporciona al rostro un acabado \u201cpiel de seda\u201d. Adem\u00e1s, es altamente reconfortante para los cutis delicados o sensibles.<\/p>\n<p>El resultado es un rostro perfectamente desmaquillado y limpio, mucho m\u00e1s hidratado, protegido, equilibrado, y con un acabado suave y aterciopelado.<\/p>\n<p>150 ml<\/p>\n","protected":false},"excerpt":{"rendered":"<h5>desmaquillante bif\u00e1sico waterproof suavizante<\/h5>\n","protected":false},"featured_media":814,"template":"","meta":{"_joinchat":[]},"product_brand":[],"product_cat":[27],"product_tag":[],"class_list":{"0":"post-813","1":"product","2":"type-product","3":"status-publish","4":"has-post-thumbnail","6":"product_cat-prodcutos","8":"first","9":"instock","10":"shipping-taxable","11":"purchasable","12":"product-type-simple"},"tiered_pricing_type":"fixed","tiered_pricing_fixed_rules":[],"tiered_pricing_percentage_rules":[],"tiered_pricing_minimum":1,"tiered_pricing_roles_data":[],"_links":{"self":[{"href":"https:\/\/rociolamichesteticayspa.com\/index.php\/wp-json\/wp\/v2\/product\/813","targetHints":{"allow":["GET"]}}],"collection":[{"href":"https:\/\/rociolamichesteticayspa.com\/index.php\/wp-json\/wp\/v2\/product"}],"about":[{"href":"https:\/\/rociolamichesteticayspa.com\/index.php\/wp-json\/wp\/v2\/types\/product"}],"wp:featuredmedia":[{"embeddable":true,"href":"https:\/\/rociolamichesteticayspa.com\/index.php\/wp-json\/wp\/v2\/media\/814"}],"wp:attachment":[{"href":"https:\/\/rociolamichesteticayspa.com\/index.php\/wp-json\/wp\/v2\/media?parent=813"}],"wp:term":[{"taxonomy":"product_brand","embeddable":true,"href":"https:\/\/rociolamichesteticayspa.com\/index.php\/wp-json\/wp\/v2\/product_brand?post=813"},{"taxonomy":"product_cat","embeddable":true,"href":"https:\/\/rociolamichesteticayspa.com\/index.php\/wp-json\/wp\/v2\/product_cat?post=813"},{"taxonomy":"product_tag","embeddable":true,"href":"https:\/\/rociolamichesteticayspa.com\/index.php\/wp-json\/wp\/v2\/product_tag?post=813"}],"curies":[{"name":"wp","href":"https:\/\/api.w.org\/{rel}","templated":true}]}}