{"id":797,"date":"2024-10-29T13:50:27","date_gmt":"2024-10-29T17:50:27","guid":{"rendered":"https:\/\/rociolamichesteticayspa.com\/?post_type=product&#038;p=797"},"modified":"2025-09-22T14:38:43","modified_gmt":"2025-09-22T18:38:43","slug":"clarifying-antiaging-cream","status":"publish","type":"product","link":"https:\/\/rociolamichesteticayspa.com\/index.php\/product\/clarifying-antiaging-cream\/","title":{"rendered":"Clarifying Antiaging Cream"},"content":{"rendered":"<div class=\"product-indicado pd-odd\">\n<h3><span style=\"vertical-align: inherit;\"><span style=\"vertical-align: inherit;\">\u00bfPara qui\u00e9n est\u00e1 indicado?<\/span><\/span><\/h3>\n<p><span style=\"vertical-align: inherit;\"><span style=\"vertical-align: inherit;\">Todo tipo de pieles. Unisex<\/span><\/span><\/p>\n<p><span style=\"vertical-align: inherit;\"><span style=\"vertical-align: inherit;\">Formulado especialmente para pieles que presentan manchas, tono apagado e irregular y busque aportar una intensa luminosidad al rostro con un avanzado cuidado antiedad.<\/span><\/span><\/p>\n<\/div>\n<div class=\"product-accion pd-even\">\n<h3><span style=\"vertical-align: inherit;\"><span style=\"vertical-align: inherit;\">Acci\u00f3n<\/span><\/span><\/h3>\n<p><strong><span style=\"vertical-align: inherit;\"><span style=\"vertical-align: inherit;\">Reparadora.<\/span><\/span><\/strong><span style=\"vertical-align: inherit;\"><span style=\"vertical-align: inherit;\"> \u00a0Repara los da\u00f1os en la piel producidos por el sol y el paso del tiempo a nivel celular y en el ADN.<\/span><\/span><\/p>\n<p><strong><span style=\"vertical-align: inherit;\"><span style=\"vertical-align: inherit;\">Aclarante<\/span><\/span><\/strong><span style=\"vertical-align: inherit;\"><span style=\"vertical-align: inherit;\"> . Evita la producci\u00f3n de melanina aclarando el tono de la piel.<\/span><\/span><\/p>\n<p><strong><span style=\"vertical-align: inherit;\"><span style=\"vertical-align: inherit;\">Protectora<\/span><\/span><\/strong><span style=\"vertical-align: inherit;\"><span style=\"vertical-align: inherit;\"> . Protege la piel del fotoenvejecimiento con FPS50.<\/span><\/span><\/p>\n<p><strong><span style=\"vertical-align: inherit;\"><span style=\"vertical-align: inherit;\">Iluminadora<\/span><\/span><\/strong><span style=\"vertical-align: inherit;\"><span style=\"vertical-align: inherit;\"> . Transforma la luz natural en luminosidad en la piel.<\/span><\/span><\/p>\n<p><strong><span style=\"vertical-align: inherit;\"><span style=\"vertical-align: inherit;\">Antiedad<\/span><\/span><\/strong><span style=\"vertical-align: inherit;\"><span style=\"vertical-align: inherit;\"> . Prolonga la juventud de las c\u00e9lulas. Deja de envejecer los SMS.<\/span><\/span><\/p>\n<\/div>\n<div class=\"product-resultados pd-odd\">\n<h3><span style=\"vertical-align: inherit;\"><span style=\"vertical-align: inherit;\">Resultados<\/span><\/span><\/h3>\n<p><span style=\"vertical-align: inherit;\"><span style=\"vertical-align: inherit;\">Manchas suavizadas y tono uniforme.<\/span><\/span><\/p>\n<p><span style=\"vertical-align: inherit;\"><span style=\"vertical-align: inherit;\">Piel radiante y joven.<\/span><\/span><\/p>\n<\/div>\n<div class=\"product-activos pd-even\">\n<h3><span style=\"vertical-align: inherit;\"><span style=\"vertical-align: inherit;\">Activos<\/span><\/span><\/h3>\n<p><strong><span style=\"vertical-align: inherit;\"><span style=\"vertical-align: inherit;\">STOP SMS AGING<\/span><\/span><\/strong><span style=\"vertical-align: inherit;\"><span style=\"vertical-align: inherit;\"> : activo anti-edad extra\u00eddo del alga salvaje Asparagopsis Armata que combate el envejecimiento celular. El resultado de su acci\u00f3n es una mejora general del aspecto de rostro con efecto antiaging y \u201cpiel descansada\u201d.<\/span><\/span><\/p>\n<p><strong><span style=\"vertical-align: inherit;\"><span style=\"vertical-align: inherit;\">COMPLEJO DE THAPSUS:<\/span><\/span><\/strong><span style=\"vertical-align: inherit;\"><span style=\"vertical-align: inherit;\"> \u00a0fitocomplejo iluminador inteligente y protector celular extra\u00eddo de la planta Vervascum Thapsus. Absorbe la energ\u00eda solar y la transforma en una fuente de luz para la piel.<\/span><\/span><\/p>\n<p><strong><span style=\"vertical-align: inherit;\"><span style=\"vertical-align: inherit;\">NIACINAMIDA:<\/span><\/span><\/strong><span style=\"vertical-align: inherit;\"><span style=\"vertical-align: inherit;\"> \u00a0activo despigmentante y reparador. Activo doble acci\u00f3n capaz de interferir en la transferencia de los melanosomas a los queratinocitos, \u00faltimo paso para la formaci\u00f3n de melanina.Repara los da\u00f1os provocados por factores ambientales y ayuda a evitar el envejecimiento cut\u00e1neo.<\/span><\/span><\/p>\n<p><strong><span style=\"vertical-align: inherit;\"><span style=\"vertical-align: inherit;\">HEXYOL:<\/span><\/span><\/strong><span style=\"vertical-align: inherit;\"><span style=\"vertical-align: inherit;\"> \u00a0protege a nivel celular. Capaz de evitar cualquier da\u00f1o en la c\u00e9lula y el ADN. Potente acci\u00f3n antiedad.<\/span><\/span><\/p>\n<\/div>\n","protected":false},"excerpt":{"rendered":"<div class=\"short-description\"><strong><span style=\"vertical-align: inherit;\"><span style=\"vertical-align: inherit;\">CREMA ANTI-EDAD ACLARANTE ILUMINADORA CON FPS 50.<\/span><\/span><\/strong><\/div>\n<div class=\"short-description\">\n<p><strong><span style=\"vertical-align: inherit;\"><span style=\"vertical-align: inherit;\">Crema antiedad aclarante iluminadora<\/span><\/span><\/strong><span style=\"vertical-align: inherit;\"><span style=\"vertical-align: inherit;\"> \u00a0con FPS 50, que elimina o suaviza las manchas y evita su aparici\u00f3n; a la vez que combate de un modo global el fotoenvejecimiento y los signos de la edad de un modo tratante y preventivo. Aporta un halo de perfecci\u00f3n al rostro desde la primera aplicaci\u00f3n.<\/span><\/span><\/p>\n<p><span style=\"vertical-align: inherit;\"><span style=\"vertical-align: inherit;\">Innovadora f\u00f3rmula de textura fluida y r\u00e1pida absorci\u00f3n que repara, aclara, protege, ilumina y combate la aparici\u00f3n de los signos del envejecimiento unificando el tono de la piel y aportando intensa luminosidad al rostro desde la primera aplicaci\u00f3n.<\/span><\/span><\/p>\n<h5><em><span style=\"vertical-align: inherit;\"><span style=\"vertical-align: inherit;\">Capacidad<\/span><\/span><\/em><\/h5>\n<p><span style=\"vertical-align: inherit;\"><span style=\"vertical-align: inherit;\">50ml.<\/span><\/span><\/p>\n<\/div>\n","protected":false},"featured_media":798,"template":"","meta":{"_joinchat":[]},"product_brand":[],"product_cat":[27],"product_tag":[],"class_list":{"0":"post-797","1":"product","2":"type-product","3":"status-publish","4":"has-post-thumbnail","6":"product_cat-prodcutos","8":"first","9":"instock","10":"shipping-taxable","11":"purchasable","12":"product-type-simple"},"tiered_pricing_type":"fixed","tiered_pricing_fixed_rules":[],"tiered_pricing_percentage_rules":[],"tiered_pricing_minimum":1,"tiered_pricing_roles_data":[],"_links":{"self":[{"href":"https:\/\/rociolamichesteticayspa.com\/index.php\/wp-json\/wp\/v2\/product\/797","targetHints":{"allow":["GET"]}}],"collection":[{"href":"https:\/\/rociolamichesteticayspa.com\/index.php\/wp-json\/wp\/v2\/product"}],"about":[{"href":"https:\/\/rociolamichesteticayspa.com\/index.php\/wp-json\/wp\/v2\/types\/product"}],"wp:featuredmedia":[{"embeddable":true,"href":"https:\/\/rociolamichesteticayspa.com\/index.php\/wp-json\/wp\/v2\/media\/798"}],"wp:attachment":[{"href":"https:\/\/rociolamichesteticayspa.com\/index.php\/wp-json\/wp\/v2\/media?parent=797"}],"wp:term":[{"taxonomy":"product_brand","embeddable":true,"href":"https:\/\/rociolamichesteticayspa.com\/index.php\/wp-json\/wp\/v2\/product_brand?post=797"},{"taxonomy":"product_cat","embeddable":true,"href":"https:\/\/rociolamichesteticayspa.com\/index.php\/wp-json\/wp\/v2\/product_cat?post=797"},{"taxonomy":"product_tag","embeddable":true,"href":"https:\/\/rociolamichesteticayspa.com\/index.php\/wp-json\/wp\/v2\/product_tag?post=797"}],"curies":[{"name":"wp","href":"https:\/\/api.w.org\/{rel}","templated":true}]}}