{"id":795,"date":"2024-10-16T12:44:38","date_gmt":"2024-10-16T16:44:38","guid":{"rendered":"https:\/\/rociolamichesteticayspa.com\/?post_type=product&#038;p=795"},"modified":"2026-02-12T08:52:59","modified_gmt":"2026-02-12T12:52:59","slug":"masaje-deportivo","status":"publish","type":"product","link":"https:\/\/rociolamichesteticayspa.com\/index.php\/product\/masaje-deportivo\/","title":{"rendered":"Masaje Deportivo"},"content":{"rendered":"<p>Nuestro masaje deportivo est\u00e1 dise\u00f1ado para aliviar tensiones, mejorar la circulaci\u00f3n y acelerar la recuperaci\u00f3n muscular. Ideal para deportistas y personas activas que buscan optimizar su rendimiento y bienestar f\u00edsico<\/p>\n","protected":false},"excerpt":{"rendered":"<p>Masaje deportivo enfocado en la recuperaci\u00f3n muscular y mejora del rendimiento f\u00edsico, ideal para deportistas y personas activas.<\/p>\n","protected":false},"featured_media":796,"template":"","meta":{"_joinchat":[]},"product_brand":[],"product_cat":[24],"product_tag":[],"class_list":{"0":"post-795","1":"product","2":"type-product","3":"status-publish","4":"has-post-thumbnail","6":"product_cat-masajes","8":"first","9":"instock","10":"shipping-taxable","11":"purchasable","12":"product-type-simple"},"tiered_pricing_type":"fixed","tiered_pricing_fixed_rules":[],"tiered_pricing_percentage_rules":[],"tiered_pricing_minimum":1,"tiered_pricing_roles_data":[],"_links":{"self":[{"href":"https:\/\/rociolamichesteticayspa.com\/index.php\/wp-json\/wp\/v2\/product\/795","targetHints":{"allow":["GET"]}}],"collection":[{"href":"https:\/\/rociolamichesteticayspa.com\/index.php\/wp-json\/wp\/v2\/product"}],"about":[{"href":"https:\/\/rociolamichesteticayspa.com\/index.php\/wp-json\/wp\/v2\/types\/product"}],"wp:featuredmedia":[{"embeddable":true,"href":"https:\/\/rociolamichesteticayspa.com\/index.php\/wp-json\/wp\/v2\/media\/796"}],"wp:attachment":[{"href":"https:\/\/rociolamichesteticayspa.com\/index.php\/wp-json\/wp\/v2\/media?parent=795"}],"wp:term":[{"taxonomy":"product_brand","embeddable":true,"href":"https:\/\/rociolamichesteticayspa.com\/index.php\/wp-json\/wp\/v2\/product_brand?post=795"},{"taxonomy":"product_cat","embeddable":true,"href":"https:\/\/rociolamichesteticayspa.com\/index.php\/wp-json\/wp\/v2\/product_cat?post=795"},{"taxonomy":"product_tag","embeddable":true,"href":"https:\/\/rociolamichesteticayspa.com\/index.php\/wp-json\/wp\/v2\/product_tag?post=795"}],"curies":[{"name":"wp","href":"https:\/\/api.w.org\/{rel}","templated":true}]}}