{"id":789,"date":"2024-10-15T18:32:27","date_gmt":"2024-10-15T22:32:27","guid":{"rendered":"https:\/\/rociolamichesteticayspa.com\/?post_type=product&#038;p=789"},"modified":"2024-10-15T18:37:50","modified_gmt":"2024-10-15T22:37:50","slug":"eye-contour-anti-wrinkle","status":"publish","type":"product","link":"https:\/\/rociolamichesteticayspa.com\/index.php\/product\/eye-contour-anti-wrinkle\/","title":{"rendered":"Eye Contour Anti-wrinkle"},"content":{"rendered":"<h4><span style=\"vertical-align: inherit;\"><span style=\"vertical-align: inherit;\"><span style=\"vertical-align: inherit;\"><span style=\"vertical-align: inherit;\"><span style=\"vertical-align: inherit;\"><span style=\"vertical-align: inherit;\">CREMA CONTORNO DE OJOS<\/span><\/span><\/span><\/span><\/span><\/span><\/h4>\n<h4><span style=\"vertical-align: inherit;\"><span style=\"vertical-align: inherit;\"><span style=\"vertical-align: inherit;\"><span style=\"vertical-align: inherit;\"><span style=\"vertical-align: inherit;\"><span style=\"vertical-align: inherit;\">\u00bfPara qui\u00e9n est\u00e1 indicado?<\/span><\/span><\/span><\/span><\/span><\/span><\/h4>\n<p><span style=\"vertical-align: inherit;\"><span style=\"vertical-align: inherit;\"><span style=\"vertical-align: inherit;\"><span style=\"vertical-align: inherit;\"><span style=\"vertical-align: inherit;\"><span style=\"vertical-align: inherit;\">Todo tipo de piel. Especialmente formulado para tratar el envejecimiento del contorno ocular. Arrugas y flacidez en p\u00e1rpado superior e inferior, y zona periorbicular.<\/span><\/span><\/span><\/span><\/span><\/span><\/p>\n<h4><span style=\"vertical-align: inherit;\"><span style=\"vertical-align: inherit;\"><span style=\"vertical-align: inherit;\"><span style=\"vertical-align: inherit;\"><span style=\"vertical-align: inherit;\"><span style=\"vertical-align: inherit;\">Acci\u00f3n<\/span><\/span><\/span><\/span><\/span><\/span><\/h4>\n<p><span style=\"vertical-align: inherit;\"><span style=\"vertical-align: inherit;\"><span style=\"vertical-align: inherit;\"><span style=\"vertical-align: inherit;\"><span style=\"vertical-align: inherit;\"><span style=\"vertical-align: inherit;\">Efecto tipo botox. Antiarrugas y antiedad.<\/span><\/span><\/span><\/span><\/span><\/span><\/p>\n<p><span style=\"vertical-align: inherit;\"><span style=\"vertical-align: inherit;\"><span style=\"vertical-align: inherit;\"><span style=\"vertical-align: inherit;\"><span style=\"vertical-align: inherit;\"><span style=\"vertical-align: inherit;\">Redensificante. Estimula la producci\u00f3n natural de col\u00e1geno.<\/span><\/span><\/span><\/span><\/span><\/span><\/p>\n<p><span style=\"vertical-align: inherit;\"><span style=\"vertical-align: inherit;\"><span style=\"vertical-align: inherit;\"><span style=\"vertical-align: inherit;\"><span style=\"vertical-align: inherit;\"><span style=\"vertical-align: inherit;\">Descongestivo de bolsas.<\/span><\/span><\/span><\/span><\/span><\/span><\/p>\n<p><span style=\"vertical-align: inherit;\"><span style=\"vertical-align: inherit;\"><span style=\"vertical-align: inherit;\"><span style=\"vertical-align: inherit;\"><span style=\"vertical-align: inherit;\"><span style=\"vertical-align: inherit;\">Rejuvenecedor. Favorece la longevidad celular.<\/span><\/span><\/span><\/span><\/span><\/span><\/p>\n<h4><span style=\"vertical-align: inherit;\"><span style=\"vertical-align: inherit;\"><span style=\"vertical-align: inherit;\"><span style=\"vertical-align: inherit;\"><span style=\"vertical-align: inherit;\"><span style=\"vertical-align: inherit;\">Resultados<\/span><\/span><\/span><\/span><\/span><\/span><\/h4>\n<p><span style=\"vertical-align: inherit;\"><span style=\"vertical-align: inherit;\"><span style=\"vertical-align: inherit;\"><span style=\"vertical-align: inherit;\"><span style=\"vertical-align: inherit;\"><span style=\"vertical-align: inherit;\">Contorno de ojos libre de arrugas, bolsas y ojeras.<\/span><\/span><\/span><\/span><\/span><\/span><\/p>\n<p><span style=\"vertical-align: inherit;\"><span style=\"vertical-align: inherit;\"><span style=\"vertical-align: inherit;\"><span style=\"vertical-align: inherit;\"><span style=\"vertical-align: inherit;\"><span style=\"vertical-align: inherit;\">Piel nutrida, reafirmada y visiblemente m\u00e1s joven.<\/span><\/span><\/span><\/span><\/span><\/span><\/p>\n<h4><span style=\"vertical-align: inherit;\"><span style=\"vertical-align: inherit;\"><span style=\"vertical-align: inherit;\"><span style=\"vertical-align: inherit;\"><span style=\"vertical-align: inherit;\"><span style=\"vertical-align: inherit;\">Activos<\/span><\/span><\/span><\/span><\/span><\/span><\/h4>\n<p><span style=\"vertical-align: inherit;\"><span style=\"vertical-align: inherit;\"><span style=\"vertical-align: inherit;\"><span style=\"vertical-align: inherit;\"><span style=\"vertical-align: inherit;\"><span style=\"vertical-align: inherit;\">ARGILINE\u00ae: efecto tipo botox. Antiarrugas. P\u00e9ptido que suaviza los movimientos gestuales de la zona ocular, movimientos responsables de la aparici\u00f3n de las llamadas \u201cpatas de gallo\u201d. Con un efecto antiedad ampliamente demostrado que provoca una mejora de las arrugas de esta zona casi inmediata.<\/span><\/span><\/span><\/span><\/span><\/span><\/p>\n<p><span style=\"vertical-align: inherit;\"><span style=\"vertical-align: inherit;\"><span style=\"vertical-align: inherit;\"><span style=\"vertical-align: inherit;\"><span style=\"vertical-align: inherit;\"><span style=\"vertical-align: inherit;\">COLLAGENEER\u00ae: redensificante. Tiene la capacidad de promover la producci\u00f3n natural de col\u00e1geno de alta calidad que da a la piel firmeza y elasticidad.<\/span><\/span><\/span><\/span><\/span><\/span><\/p>\n<p><span style=\"vertical-align: inherit;\"><span style=\"vertical-align: inherit;\"><span style=\"vertical-align: inherit;\"><span style=\"vertical-align: inherit;\"><span style=\"vertical-align: inherit;\"><span style=\"vertical-align: inherit;\">ORSIRTINE\u00ae: rejuvenecedor. Activo rico en p\u00e9ptidos moduladores de las SIRTUINAS, prote\u00ednas relacionadas con la longevidad de las c\u00e9lulas. Activo antiedad con propiedades preventivas de los signos del envejecimiento.<\/span><\/span><\/span><\/span><\/span><\/span><\/p>\n<p><span style=\"vertical-align: inherit;\"><span style=\"vertical-align: inherit;\"><span style=\"vertical-align: inherit;\"><span style=\"vertical-align: inherit;\"><span style=\"vertical-align: inherit;\"><span style=\"vertical-align: inherit;\">EYESERIL\u00ae:descongestivo. Porta p\u00e9ptidos para favorecer el drenaje, con un gran efecto descongestivo y un tratamiento global de la firmeza y elasticidad del tejido alrededor del ojo.<\/span><\/span><\/span><\/span><\/span><\/span><\/p>\n","protected":false},"excerpt":{"rendered":"<p><span style=\"vertical-align: inherit;\"><span style=\"vertical-align: inherit;\"><span style=\"vertical-align: inherit;\"><span style=\"vertical-align: inherit;\"><span style=\"vertical-align: inherit;\"><span style=\"vertical-align: inherit;\">Crema para el contorno de ojos de textura ligera.<\/span><\/span><\/span><\/span><\/span><\/span><\/p>\n<p><span style=\"vertical-align: inherit;\"><span style=\"vertical-align: inherit;\"><span style=\"vertical-align: inherit;\"><span style=\"vertical-align: inherit;\"><span style=\"vertical-align: inherit;\"><span style=\"vertical-align: inherit;\">Alta concentraci\u00f3n de activos destinados al rejuvenecimiento global de la zona ocular.<\/span><\/span><\/span><\/span><\/span><\/span><\/p>\n<p><span style=\"vertical-align: inherit;\"><span style=\"vertical-align: inherit;\"><span style=\"vertical-align: inherit;\"><span style=\"vertical-align: inherit;\"><span style=\"vertical-align: inherit;\"><span style=\"vertical-align: inherit;\">Este contorno de ojos, antiarrugas y antifatiga ayuda a disminuir las arrugas, reafirmar, aumentar la elasticidad, mejorar las bolsas oculares y aclarar las ojeras, con efecto nutritivo en toda la zona.<\/span><\/span><\/span><\/span><\/span><\/span><\/p>\n<h4><span style=\"vertical-align: inherit;\"><span style=\"vertical-align: inherit;\"><span style=\"vertical-align: inherit;\"><span style=\"vertical-align: inherit;\"><span style=\"vertical-align: inherit;\"><span style=\"vertical-align: inherit;\">Capacidad<\/span><\/span><\/span><\/span><\/span><\/span><\/h4>\n<p><span style=\"vertical-align: inherit;\"><span style=\"vertical-align: inherit;\"><span style=\"vertical-align: inherit;\"><span style=\"vertical-align: inherit;\"><span style=\"vertical-align: inherit;\"><span style=\"vertical-align: inherit;\">15ml.<\/span><\/span><\/span><\/span><\/span><\/span><\/p>\n","protected":false},"featured_media":790,"template":"","meta":{"_joinchat":[]},"product_brand":[],"product_cat":[27],"product_tag":[],"class_list":{"0":"post-789","1":"product","2":"type-product","3":"status-publish","4":"has-post-thumbnail","6":"product_cat-prodcutos","8":"first","9":"instock","10":"shipping-taxable","11":"purchasable","12":"product-type-simple"},"tiered_pricing_type":"fixed","tiered_pricing_fixed_rules":[],"tiered_pricing_percentage_rules":[],"tiered_pricing_minimum":1,"tiered_pricing_roles_data":[],"_links":{"self":[{"href":"https:\/\/rociolamichesteticayspa.com\/index.php\/wp-json\/wp\/v2\/product\/789","targetHints":{"allow":["GET"]}}],"collection":[{"href":"https:\/\/rociolamichesteticayspa.com\/index.php\/wp-json\/wp\/v2\/product"}],"about":[{"href":"https:\/\/rociolamichesteticayspa.com\/index.php\/wp-json\/wp\/v2\/types\/product"}],"wp:featuredmedia":[{"embeddable":true,"href":"https:\/\/rociolamichesteticayspa.com\/index.php\/wp-json\/wp\/v2\/media\/790"}],"wp:attachment":[{"href":"https:\/\/rociolamichesteticayspa.com\/index.php\/wp-json\/wp\/v2\/media?parent=789"}],"wp:term":[{"taxonomy":"product_brand","embeddable":true,"href":"https:\/\/rociolamichesteticayspa.com\/index.php\/wp-json\/wp\/v2\/product_brand?post=789"},{"taxonomy":"product_cat","embeddable":true,"href":"https:\/\/rociolamichesteticayspa.com\/index.php\/wp-json\/wp\/v2\/product_cat?post=789"},{"taxonomy":"product_tag","embeddable":true,"href":"https:\/\/rociolamichesteticayspa.com\/index.php\/wp-json\/wp\/v2\/product_tag?post=789"}],"curies":[{"name":"wp","href":"https:\/\/api.w.org\/{rel}","templated":true}]}}