{"id":678,"date":"2024-07-06T19:01:59","date_gmt":"2024-07-06T23:01:59","guid":{"rendered":"https:\/\/rociolamichesteticayspa.com\/?post_type=product&#038;p=678"},"modified":"2025-02-12T12:31:30","modified_gmt":"2025-02-12T16:31:30","slug":"clases-de-automaquillaje","status":"publish","type":"product","link":"https:\/\/rociolamichesteticayspa.com\/index.php\/product\/clases-de-automaquillaje\/","title":{"rendered":"Clases de Automaquillaje"},"content":{"rendered":"<p><span style=\"vertical-align: inherit;\"><span style=\"vertical-align: inherit;\">\u00a1Aprende a maquillarte para el d\u00eda a d\u00eda o para esa ocasi\u00f3n especial!<\/span><\/span><\/p>\n<p><span style=\"vertical-align: inherit;\"><span style=\"vertical-align: inherit;\">Todas las clases son totalmente personalizadas.<\/span><\/span><\/p>\n<p><span style=\"vertical-align: inherit;\"><span style=\"vertical-align: inherit;\">No necesitas tener conocimientos previos ni maquillaje. Lo ideal es que el d\u00eda de la clase, traigas lo que uses para revisarlo y sacar el m\u00e1ximo provecho. \u00a1Todo lo que te haga falta te lo pasaremos nosotras!<\/span><\/span><\/p>\n<p>Duraci\u00f3n: 1:30 hora<\/p>\n","protected":false},"excerpt":{"rendered":"<p>\u00a1Aprende a maquillarte para el d\u00eda a d\u00eda o para esa ocasi\u00f3n especial! Todas las clases son totalmente personalizadas. No necesitas tener conocimientos previos ni maquillaje. Lo ideal es que el d\u00eda de la clase, traigas lo que uses para revisarlo y sacar el m\u00e1ximo provecho. \u00a1Todo lo que te haga falta te lo pasaremos [&hellip;]<\/p>\n","protected":false},"featured_media":679,"template":"","meta":{"_joinchat":[]},"product_brand":[],"product_cat":[26],"product_tag":[],"class_list":{"0":"post-678","1":"product","2":"type-product","3":"status-publish","4":"has-post-thumbnail","6":"product_cat-facial-spa","8":"first","9":"instock","10":"shipping-taxable","11":"purchasable","12":"product-type-simple"},"tiered_pricing_type":"fixed","tiered_pricing_fixed_rules":[],"tiered_pricing_percentage_rules":[],"tiered_pricing_minimum":1,"tiered_pricing_roles_data":[],"_links":{"self":[{"href":"https:\/\/rociolamichesteticayspa.com\/index.php\/wp-json\/wp\/v2\/product\/678","targetHints":{"allow":["GET"]}}],"collection":[{"href":"https:\/\/rociolamichesteticayspa.com\/index.php\/wp-json\/wp\/v2\/product"}],"about":[{"href":"https:\/\/rociolamichesteticayspa.com\/index.php\/wp-json\/wp\/v2\/types\/product"}],"wp:featuredmedia":[{"embeddable":true,"href":"https:\/\/rociolamichesteticayspa.com\/index.php\/wp-json\/wp\/v2\/media\/679"}],"wp:attachment":[{"href":"https:\/\/rociolamichesteticayspa.com\/index.php\/wp-json\/wp\/v2\/media?parent=678"}],"wp:term":[{"taxonomy":"product_brand","embeddable":true,"href":"https:\/\/rociolamichesteticayspa.com\/index.php\/wp-json\/wp\/v2\/product_brand?post=678"},{"taxonomy":"product_cat","embeddable":true,"href":"https:\/\/rociolamichesteticayspa.com\/index.php\/wp-json\/wp\/v2\/product_cat?post=678"},{"taxonomy":"product_tag","embeddable":true,"href":"https:\/\/rociolamichesteticayspa.com\/index.php\/wp-json\/wp\/v2\/product_tag?post=678"}],"curies":[{"name":"wp","href":"https:\/\/api.w.org\/{rel}","templated":true}]}}