{"id":536,"date":"2024-06-23T08:54:18","date_gmt":"2024-06-23T12:54:18","guid":{"rendered":"https:\/\/rociolamichesteticayspa.com\/?post_type=product&#038;p=536"},"modified":"2024-11-16T07:45:20","modified_gmt":"2024-11-16T11:45:20","slug":"drenaje-linfatico-detox","status":"publish","type":"product","link":"https:\/\/rociolamichesteticayspa.com\/index.php\/product\/drenaje-linfatico-detox\/","title":{"rendered":"Drenaje Linf\u00e1tico Detox"},"content":{"rendered":"<p><span style=\"vertical-align: inherit;\">El drenaje linf\u00e1tico es un masaje que se aplica sobre el sistema circulatorio y cuyo objetivo es movilizar los l\u00edquidos del organismo para favorecer la eliminaci\u00f3n de las sustancias de deshecho que se acumulan en el l\u00edquido que ocupa el espacio entre las c\u00e9lulas.<\/span><\/p>\n<p><span style=\"vertical-align: inherit;\">Utilice activos profesionales que favorecen y estimulan un drenaje m\u00e1s eficaz.<\/span><\/p>\n<p>(cuerpo Completo)<\/p>\n","protected":false},"excerpt":{"rendered":"<p><span style=\"vertical-align: inherit;\">El drenaje linf\u00e1tico es un masaje que se aplica sobre el sistema circulatorio y cuyo objetivo es movilizar los l\u00edquidos.<\/span><\/p>\n","protected":false},"featured_media":519,"template":"","meta":{"_joinchat":[]},"product_brand":[],"product_cat":[25],"product_tag":[],"class_list":{"0":"post-536","1":"product","2":"type-product","3":"status-publish","4":"has-post-thumbnail","6":"product_cat-body-spa","8":"first","9":"instock","10":"shipping-taxable","11":"purchasable","12":"product-type-simple"},"tiered_pricing_type":"fixed","tiered_pricing_fixed_rules":[],"tiered_pricing_percentage_rules":[],"tiered_pricing_minimum":1,"tiered_pricing_roles_data":[],"_links":{"self":[{"href":"https:\/\/rociolamichesteticayspa.com\/index.php\/wp-json\/wp\/v2\/product\/536","targetHints":{"allow":["GET"]}}],"collection":[{"href":"https:\/\/rociolamichesteticayspa.com\/index.php\/wp-json\/wp\/v2\/product"}],"about":[{"href":"https:\/\/rociolamichesteticayspa.com\/index.php\/wp-json\/wp\/v2\/types\/product"}],"wp:featuredmedia":[{"embeddable":true,"href":"https:\/\/rociolamichesteticayspa.com\/index.php\/wp-json\/wp\/v2\/media\/519"}],"wp:attachment":[{"href":"https:\/\/rociolamichesteticayspa.com\/index.php\/wp-json\/wp\/v2\/media?parent=536"}],"wp:term":[{"taxonomy":"product_brand","embeddable":true,"href":"https:\/\/rociolamichesteticayspa.com\/index.php\/wp-json\/wp\/v2\/product_brand?post=536"},{"taxonomy":"product_cat","embeddable":true,"href":"https:\/\/rociolamichesteticayspa.com\/index.php\/wp-json\/wp\/v2\/product_cat?post=536"},{"taxonomy":"product_tag","embeddable":true,"href":"https:\/\/rociolamichesteticayspa.com\/index.php\/wp-json\/wp\/v2\/product_tag?post=536"}],"curies":[{"name":"wp","href":"https:\/\/api.w.org\/{rel}","templated":true}]}}