{"id":535,"date":"2024-06-23T08:51:26","date_gmt":"2024-06-23T12:51:26","guid":{"rendered":"https:\/\/rociolamichesteticayspa.com\/?post_type=product&#038;p=535"},"modified":"2024-11-16T08:54:51","modified_gmt":"2024-11-16T12:54:51","slug":"masaje-reductivo","status":"publish","type":"product","link":"https:\/\/rociolamichesteticayspa.com\/index.php\/product\/masaje-reductivo\/","title":{"rendered":"Masaje Reductivo"},"content":{"rendered":"<p><span style=\"vertical-align: inherit;\"><span style=\"vertical-align: inherit;\"><span style=\"vertical-align: inherit;\"><span style=\"vertical-align: inherit;\"><span style=\"vertical-align: inherit;\">Utilizamos t\u00e9cnicas avanzadas para reducir medidas, moldear tu figura y mejorar la textura de tu piel. Nuestros tratamientos activan el sistema linf\u00e1tico y mejoran la circulaci\u00f3n, eliminando toxinas y grasa localizada de manera efectiva. Disfruta de una piel m\u00e1s firme y una silueta esbelta con nuestras sesiones personalizadas. Nuestro equipo de terapeutas profesionales te brindar\u00e1 una experiencia segura y relajante. \u00a1\u00a1Reserva tu cita hoy y descubre el poder transformador de nuestros masajes reductivos!!<\/span><\/span><\/span><\/span><\/span><\/p>\n<p>12 Sesiones<\/p>\n","protected":false},"excerpt":{"rendered":"<p><span style=\"vertical-align: inherit;\"><span style=\"vertical-align: inherit;\"><span style=\"vertical-align: inherit;\"><span style=\"vertical-align: inherit;\"><span style=\"vertical-align: inherit;\">Moldea tu figura, y reduce tus medidas.<\/span><\/span><\/span><\/span><\/span><\/p>\n<p>Solicita tu evaluaci\u00f3n por 25.000 si te realizas el tratamiento dentro del mes los 25,000 ser\u00e1n abonados al total de tu tratamiento si no ser\u00e1 tomado como una hora de evaluaci\u00f3n.<\/p>\n","protected":false},"featured_media":374,"template":"","meta":{"_joinchat":[]},"product_brand":[],"product_cat":[25],"product_tag":[],"class_list":{"0":"post-535","1":"product","2":"type-product","3":"status-publish","4":"has-post-thumbnail","6":"product_cat-body-spa","8":"first","9":"instock","10":"shipping-taxable","11":"purchasable","12":"product-type-simple"},"tiered_pricing_type":"fixed","tiered_pricing_fixed_rules":[],"tiered_pricing_percentage_rules":[],"tiered_pricing_minimum":1,"tiered_pricing_roles_data":[],"_links":{"self":[{"href":"https:\/\/rociolamichesteticayspa.com\/index.php\/wp-json\/wp\/v2\/product\/535","targetHints":{"allow":["GET"]}}],"collection":[{"href":"https:\/\/rociolamichesteticayspa.com\/index.php\/wp-json\/wp\/v2\/product"}],"about":[{"href":"https:\/\/rociolamichesteticayspa.com\/index.php\/wp-json\/wp\/v2\/types\/product"}],"wp:featuredmedia":[{"embeddable":true,"href":"https:\/\/rociolamichesteticayspa.com\/index.php\/wp-json\/wp\/v2\/media\/374"}],"wp:attachment":[{"href":"https:\/\/rociolamichesteticayspa.com\/index.php\/wp-json\/wp\/v2\/media?parent=535"}],"wp:term":[{"taxonomy":"product_brand","embeddable":true,"href":"https:\/\/rociolamichesteticayspa.com\/index.php\/wp-json\/wp\/v2\/product_brand?post=535"},{"taxonomy":"product_cat","embeddable":true,"href":"https:\/\/rociolamichesteticayspa.com\/index.php\/wp-json\/wp\/v2\/product_cat?post=535"},{"taxonomy":"product_tag","embeddable":true,"href":"https:\/\/rociolamichesteticayspa.com\/index.php\/wp-json\/wp\/v2\/product_tag?post=535"}],"curies":[{"name":"wp","href":"https:\/\/api.w.org\/{rel}","templated":true}]}}