{"id":528,"date":"2024-06-19T07:48:34","date_gmt":"2024-06-19T11:48:34","guid":{"rendered":"https:\/\/rociolamichesteticayspa.com\/?post_type=product&#038;p=528"},"modified":"2026-03-10T20:46:25","modified_gmt":"2026-03-11T00:46:25","slug":"masaje-en-pareja","status":"publish","type":"product","link":"https:\/\/rociolamichesteticayspa.com\/index.php\/product\/masaje-en-pareja\/","title":{"rendered":"Masaje de Relajaci\u00f3n para dos"},"content":{"rendered":"<p style=\"margin-bottom: 1.3em; margin-top: 0px; color: #565656; font-family: Lato, sans-serif; font-size: 14.4px;\"><span style=\"vertical-align: inherit;\"><span style=\"vertical-align: inherit;\"><span style=\"vertical-align: inherit;\"><span style=\"vertical-align: inherit;\"><span style=\"vertical-align: inherit;\">Terapia inolvidable que permite disfrutar de un masaje de relajaci\u00f3n profunda con una agradable compa\u00f1\u00eda en nuestra cabina d\u00fao.<\/span><\/span><\/span><\/span><\/span><\/p>\n<p style=\"margin-bottom: 1.3em; margin-top: 0px; color: #565656; font-family: Lato, sans-serif; font-size: 14.4px;\"><span style=\"vertical-align: inherit;\"><span style=\"vertical-align: inherit;\"><span style=\"vertical-align: inherit;\"><span style=\"vertical-align: inherit;\"><span style=\"vertical-align: inherit;\">Es ideal para parejas, amigos o familiares en b\u00fasqueda de una instancia\u00a0 de bienestar y desconexi\u00f3n.<\/span><\/span><\/span><\/span><\/span><\/p>\n<p>( Cupos Limitados 30 Cupos)<\/p>\n<p>\ud83e\udee7 Condiciones de uso \u2013 Spa \ud83e\uddd6\ud83c\udffb\u200d\u2640\ufe0f\u2728<\/p>\n<p>Al adquirir un servicio en nuestro Spa, aceptas las siguientes condiciones:<\/p>\n<p>* Vigencia: Tu servicio tiene una duraci\u00f3n de 60 d\u00edas desde la fecha de compra. (Este punto no aplica si ya tienes una cita agendada).<\/p>\n<p>* Puntualidad: Rogamos llegar a la hora acordada. En caso de atraso, se descontar\u00e1n los minutos de tu sesi\u00f3n sin extensi\u00f3n del tiempo.<\/p>\n<p>* Cancelaciones: Puedes cancelar o reagendar tu cita con m\u00ednimo 3 horas de anticipaci\u00f3n. Si no se informa en ese plazo, la sesi\u00f3n se pierde sin opci\u00f3n de reagendar ni reembolso.<\/p>\n<p>* Re agendamientos: Cada servicio puede ser reagendado un m\u00e1ximo de 2 veces, seg\u00fan disponibilidad de horarios.<\/p>\n<p>* Si el cliente decide no asistir ni reagendar su cita, el valor pagado no ser\u00e1 devuelto.<\/p>\n<p>* Uso del servicio: Todos los servicios deben ser utilizados el mismo d\u00eda. No se acumulan ni se dividen.<\/p>\n<p>* No reembolsable ni canjeable: Los servicios no son canjeables por dinero ni productos bajo ninguna circunstancia.<\/p>\n<p>* Agendamiento: Las horas se coordinan de acuerdo a la disponibilidad del Spa, y es responsabilidad del cliente confirmar su cita.<\/p>\n<p><span style=\"vertical-align: inherit;\">\u00a0<\/span><\/p>\n<p style=\"margin-bottom: 1.3em; margin-top: 0px; color: #565656; font-family: Lato, sans-serif; font-size: 14.4px;\">\n","protected":false},"excerpt":{"rendered":"<p>Terapia inolvidable que permite disfrutar de un masaje de relajaci\u00f3n profunda con una agradable compa\u00f1\u00eda en nuestra cabina d\u00fao. Es ideal para parejas, amigos o familiares en b\u00fasqueda de una instancia\u00a0 de bienestar y desconexi\u00f3n. ( Cupos Limitados 30 Cupos) \ud83e\udee7 Condiciones de uso \u2013 Spa \ud83e\uddd6\ud83c\udffb\u200d\u2640\ufe0f\u2728 Al adquirir un servicio en nuestro Spa, aceptas [&hellip;]<\/p>\n","protected":false},"featured_media":388,"template":"","meta":{"_joinchat":[]},"product_brand":[],"product_cat":[24,28],"product_tag":[],"class_list":{"0":"post-528","1":"product","2":"type-product","3":"status-publish","4":"has-post-thumbnail","6":"product_cat-masajes","7":"product_cat-promociones","9":"first","10":"instock","11":"sale","12":"shipping-taxable","13":"purchasable","14":"product-type-simple"},"tiered_pricing_type":"fixed","tiered_pricing_fixed_rules":[],"tiered_pricing_percentage_rules":[],"tiered_pricing_minimum":1,"tiered_pricing_roles_data":[],"_links":{"self":[{"href":"https:\/\/rociolamichesteticayspa.com\/index.php\/wp-json\/wp\/v2\/product\/528","targetHints":{"allow":["GET"]}}],"collection":[{"href":"https:\/\/rociolamichesteticayspa.com\/index.php\/wp-json\/wp\/v2\/product"}],"about":[{"href":"https:\/\/rociolamichesteticayspa.com\/index.php\/wp-json\/wp\/v2\/types\/product"}],"wp:featuredmedia":[{"embeddable":true,"href":"https:\/\/rociolamichesteticayspa.com\/index.php\/wp-json\/wp\/v2\/media\/388"}],"wp:attachment":[{"href":"https:\/\/rociolamichesteticayspa.com\/index.php\/wp-json\/wp\/v2\/media?parent=528"}],"wp:term":[{"taxonomy":"product_brand","embeddable":true,"href":"https:\/\/rociolamichesteticayspa.com\/index.php\/wp-json\/wp\/v2\/product_brand?post=528"},{"taxonomy":"product_cat","embeddable":true,"href":"https:\/\/rociolamichesteticayspa.com\/index.php\/wp-json\/wp\/v2\/product_cat?post=528"},{"taxonomy":"product_tag","embeddable":true,"href":"https:\/\/rociolamichesteticayspa.com\/index.php\/wp-json\/wp\/v2\/product_tag?post=528"}],"curies":[{"name":"wp","href":"https:\/\/api.w.org\/{rel}","templated":true}]}}