{"id":427,"date":"2024-06-04T12:53:07","date_gmt":"2024-06-04T16:53:07","guid":{"rendered":"https:\/\/rociolamichesteticayspa.com\/?post_type=product&#038;p=427"},"modified":"2025-01-03T07:46:52","modified_gmt":"2025-01-03T11:46:52","slug":"agua-micelar-antipolucion-desmaquilla-limpia-protege-antipolucion","status":"publish","type":"product","link":"https:\/\/rociolamichesteticayspa.com\/index.php\/product\/agua-micelar-antipolucion-desmaquilla-limpia-protege-antipolucion\/","title":{"rendered":"Agua Micelar Antipoluci\u00f3n Desmaquilla, Limpia, Protege-Antipoluci\u00f3n"},"content":{"rendered":"<p>Su innovador activo anti-poluci\u00f3n defiende el rostro creando un escudo que refuerza la barrera protectora de la piel, al mismo tiempo, las micelas act\u00faan como imanes atrapando c\u00e9lulas muertas superficiales, part\u00edculas contaminantes, maquillaje y exceso de sebo. El resultado, una piel libre de impurezas y suave.<\/p>\n<p>Acci\u00f3n<br \/>\n\u2013 Crea un escudo protector frente a los 3 principales tipos de contaminaci\u00f3n (luz ultravioleta, poluci\u00f3n atmosf\u00e9rica y agentes qu\u00edmicos).<\/p>\n<p>\u2013 Limpia y desmaquilla ojos, rostro y cuello sin necesidad de aclarado.<\/p>\n<p>\u2013 Refuerza la barrera protectora de la piel.<\/p>\n<p>\u2013 Ayuda a hidratar y equilibrar el ph de la piel.<\/p>\n<p>Resultados<br \/>\n\u2013 Piel fresca, suave y libre de impurezas.<\/p>\n<p>\u2013 Rostro protegido y equilibrado.<\/p>\n<p>\u2013 Piel tonificada y luminosa.<\/p>\n<p>Tipo Piel<br \/>\nTodo tipo de piel.<\/p>\n<p>Activos<br \/>\nPOLLU-BLOCK: activo natural que crea sobre la piel un escudo protector frente a tres tipos de contaminantes: luz ultravioleta, poluci\u00f3n atmosf\u00e9rica y agentes qu\u00edmicos.<\/p>\n<p>MICELAS: atrapan impurezas que se acumulan en la piel d\u00eda a d\u00eda proporcionando una limpieza completa.<\/p>\n<p>Volumen<br \/>\n400 ml<\/p>\n","protected":false},"excerpt":{"rendered":"<p>Su innovador activo anti-poluci\u00f3n defiende el rostro creando un escudo que refuerza la barrera protectora de la piel, al mismo tiempo, las micelas act\u00faan como imanes atrapando c\u00e9lulas muertas superficiales, part\u00edculas contaminantes, maquillaje y exceso de sebo. El resultado, una piel libre de impurezas y suave. Acci\u00f3n \u2013 Crea un escudo protector frente a los [&hellip;]<\/p>\n","protected":false},"featured_media":410,"template":"","meta":{"_joinchat":[]},"product_brand":[],"product_cat":[27],"product_tag":[],"class_list":{"0":"post-427","1":"product","2":"type-product","3":"status-publish","4":"has-post-thumbnail","6":"product_cat-prodcutos","8":"first","9":"instock","10":"shipping-taxable","11":"purchasable","12":"product-type-simple"},"tiered_pricing_type":"fixed","tiered_pricing_fixed_rules":[],"tiered_pricing_percentage_rules":[],"tiered_pricing_minimum":1,"tiered_pricing_roles_data":[],"_links":{"self":[{"href":"https:\/\/rociolamichesteticayspa.com\/index.php\/wp-json\/wp\/v2\/product\/427","targetHints":{"allow":["GET"]}}],"collection":[{"href":"https:\/\/rociolamichesteticayspa.com\/index.php\/wp-json\/wp\/v2\/product"}],"about":[{"href":"https:\/\/rociolamichesteticayspa.com\/index.php\/wp-json\/wp\/v2\/types\/product"}],"wp:featuredmedia":[{"embeddable":true,"href":"https:\/\/rociolamichesteticayspa.com\/index.php\/wp-json\/wp\/v2\/media\/410"}],"wp:attachment":[{"href":"https:\/\/rociolamichesteticayspa.com\/index.php\/wp-json\/wp\/v2\/media?parent=427"}],"wp:term":[{"taxonomy":"product_brand","embeddable":true,"href":"https:\/\/rociolamichesteticayspa.com\/index.php\/wp-json\/wp\/v2\/product_brand?post=427"},{"taxonomy":"product_cat","embeddable":true,"href":"https:\/\/rociolamichesteticayspa.com\/index.php\/wp-json\/wp\/v2\/product_cat?post=427"},{"taxonomy":"product_tag","embeddable":true,"href":"https:\/\/rociolamichesteticayspa.com\/index.php\/wp-json\/wp\/v2\/product_tag?post=427"}],"curies":[{"name":"wp","href":"https:\/\/api.w.org\/{rel}","templated":true}]}}