{"id":426,"date":"2024-06-04T12:52:09","date_gmt":"2024-06-04T16:52:09","guid":{"rendered":"https:\/\/rociolamichesteticayspa.com\/?post_type=product&#038;p=426"},"modified":"2025-01-03T07:47:09","modified_gmt":"2025-01-03T11:47:09","slug":"rgnerin-serum-arrugas-serum-antiedad-regenerador","status":"publish","type":"product","link":"https:\/\/rociolamichesteticayspa.com\/index.php\/product\/rgnerin-serum-arrugas-serum-antiedad-regenerador\/","title":{"rendered":"RGnerin Wrinkle Serum Serum Antiedad Regenerador"},"content":{"rendered":"<p>S\u00e9rum antiarrugas regenerador d\u00eda\/noche.<\/p>\n<p>BTX TECHNOLOGY<\/p>\n<p>Cu\u00e1druple estrategia antiarrugas: rellena, regenera, alisa e inhibe gracias a la innovadora fusi\u00f3n de alfa hidroxi\u00e1cidos y activos efecto b\u00f3tox.<\/p>\n<p>Avanzada f\u00f3rmula anti-edad de textura fluida, libre de aceites, que renueva, alisa, redensifica, al mismo tiempo que ofrece una potente acci\u00f3n antioxidante protegiendo la piel frente al envejecimiento, provocando d\u00eda tras d\u00eda una intensa mejora general del rostro.<\/p>\n","protected":false},"excerpt":{"rendered":"<p>S\u00e9rum antiarrugas regenerador d\u00eda\/noche. BTX TECHNOLOGY Cu\u00e1druple estrategia antiarrugas: rellena, regenera, alisa e inhibe gracias a la innovadora fusi\u00f3n de alfa hidroxi\u00e1cidos y activos efecto b\u00f3tox. Avanzada f\u00f3rmula anti-edad de textura fluida, libre de aceites, que renueva, alisa, redensifica, al mismo tiempo que ofrece una potente acci\u00f3n antioxidante protegiendo la piel frente al envejecimiento, provocando [&hellip;]<\/p>\n","protected":false},"featured_media":409,"template":"","meta":{"_joinchat":[]},"product_brand":[],"product_cat":[27],"product_tag":[],"class_list":{"0":"post-426","1":"product","2":"type-product","3":"status-publish","4":"has-post-thumbnail","6":"product_cat-prodcutos","8":"first","9":"instock","10":"shipping-taxable","11":"purchasable","12":"product-type-simple"},"tiered_pricing_type":"fixed","tiered_pricing_fixed_rules":[],"tiered_pricing_percentage_rules":[],"tiered_pricing_minimum":1,"tiered_pricing_roles_data":[],"_links":{"self":[{"href":"https:\/\/rociolamichesteticayspa.com\/index.php\/wp-json\/wp\/v2\/product\/426","targetHints":{"allow":["GET"]}}],"collection":[{"href":"https:\/\/rociolamichesteticayspa.com\/index.php\/wp-json\/wp\/v2\/product"}],"about":[{"href":"https:\/\/rociolamichesteticayspa.com\/index.php\/wp-json\/wp\/v2\/types\/product"}],"wp:featuredmedia":[{"embeddable":true,"href":"https:\/\/rociolamichesteticayspa.com\/index.php\/wp-json\/wp\/v2\/media\/409"}],"wp:attachment":[{"href":"https:\/\/rociolamichesteticayspa.com\/index.php\/wp-json\/wp\/v2\/media?parent=426"}],"wp:term":[{"taxonomy":"product_brand","embeddable":true,"href":"https:\/\/rociolamichesteticayspa.com\/index.php\/wp-json\/wp\/v2\/product_brand?post=426"},{"taxonomy":"product_cat","embeddable":true,"href":"https:\/\/rociolamichesteticayspa.com\/index.php\/wp-json\/wp\/v2\/product_cat?post=426"},{"taxonomy":"product_tag","embeddable":true,"href":"https:\/\/rociolamichesteticayspa.com\/index.php\/wp-json\/wp\/v2\/product_tag?post=426"}],"curies":[{"name":"wp","href":"https:\/\/api.w.org\/{rel}","templated":true}]}}