{"id":425,"date":"2024-06-04T12:51:03","date_gmt":"2024-06-04T16:51:03","guid":{"rendered":"https:\/\/rociolamichesteticayspa.com\/?post_type=product&#038;p=425"},"modified":"2025-09-22T14:39:02","modified_gmt":"2025-09-22T18:39:02","slug":"rgnerin-hydro-nutri-wrinkle-cream-crema-hidronutritiva-antiarrugas","status":"publish","type":"product","link":"https:\/\/rociolamichesteticayspa.com\/index.php\/product\/rgnerin-hydro-nutri-wrinkle-cream-crema-hidronutritiva-antiarrugas\/","title":{"rendered":"RGnerin Hydro-Nutri Wrinkle Cream Crema hidronutritiva antiarrugas"},"content":{"rendered":"<p>\u00bfPara qui\u00e9n est\u00e1 indicado?<br \/>\nPiel normal\/mixta. Crema de textura enriquecida indicada para piel normal\/seca. Especialmente formulada para tratar las arrugas y signos del envejecimiento, al mismo tiempo que refuerza la piel para evitar su aparici\u00f3n.<br \/>\nAcci\u00f3n<br \/>\nIntensa acci\u00f3n rehidratante<\/p>\n<p>Corrector de arrugas y efecto tensor.<\/p>\n<p>Exfoliante y renovador.<\/p>\n<p>Rellenador de arrugas.<\/p>\n<p>Revitalizante, reafirmante y regenerador.<\/p>\n<p>Resultados<br \/>\nArrugas reducidas en cantidad y extensi\u00f3n.<\/p>\n<p>Piel m\u00e1s el\u00e1stica.<\/p>\n<p>Rostro redensificado.<\/p>\n<p>Refuerza la piel frente al envejecimiento.<\/p>\n<p>Piel intensamente hidratada.<\/p>\n<p>Activos<br \/>\nARGIRELINE AMPLIFIED\u00ae: efecto b\u00f3tox y tensor. Corrector de arrugas.<\/p>\n<p>\u00c1CIDO GLIC\u00d3LICO Y L\u00c1CTICO:: exfoliante y renovador.<\/p>\n<p>AMINO-FIRM:: reafirmante y rellenador de arrugas.<\/p>\n<p>\u00c1CIDO HIALUR\u00d3NICO:: hidratante.<\/p>\n<p>ACEITE DE MACADAMIA: : nutritivo y regenerador.<\/p>\n<p>Capacidad<br \/>\n50 ml.<\/p>\n<p>&nbsp;<\/p>\n","protected":false},"excerpt":{"rendered":"<p>\u00bfPara qui\u00e9n est\u00e1 indicado? Piel normal\/mixta. Crema de textura enriquecida indicada para piel normal\/seca. Especialmente formulada para tratar las arrugas y signos del envejecimiento, al mismo tiempo que refuerza la piel para evitar su aparici\u00f3n. Acci\u00f3n Intensa acci\u00f3n rehidratante Corrector de arrugas y efecto tensor. Exfoliante y renovador. Rellenador de arrugas. Revitalizante, reafirmante y regenerador. [&hellip;]<\/p>\n","protected":false},"featured_media":408,"template":"","meta":{"_joinchat":[]},"product_brand":[],"product_cat":[27],"product_tag":[],"class_list":{"0":"post-425","1":"product","2":"type-product","3":"status-publish","4":"has-post-thumbnail","6":"product_cat-prodcutos","8":"first","9":"instock","10":"shipping-taxable","11":"purchasable","12":"product-type-simple"},"tiered_pricing_type":"fixed","tiered_pricing_fixed_rules":[],"tiered_pricing_percentage_rules":[],"tiered_pricing_minimum":1,"tiered_pricing_roles_data":[],"_links":{"self":[{"href":"https:\/\/rociolamichesteticayspa.com\/index.php\/wp-json\/wp\/v2\/product\/425","targetHints":{"allow":["GET"]}}],"collection":[{"href":"https:\/\/rociolamichesteticayspa.com\/index.php\/wp-json\/wp\/v2\/product"}],"about":[{"href":"https:\/\/rociolamichesteticayspa.com\/index.php\/wp-json\/wp\/v2\/types\/product"}],"wp:featuredmedia":[{"embeddable":true,"href":"https:\/\/rociolamichesteticayspa.com\/index.php\/wp-json\/wp\/v2\/media\/408"}],"wp:attachment":[{"href":"https:\/\/rociolamichesteticayspa.com\/index.php\/wp-json\/wp\/v2\/media?parent=425"}],"wp:term":[{"taxonomy":"product_brand","embeddable":true,"href":"https:\/\/rociolamichesteticayspa.com\/index.php\/wp-json\/wp\/v2\/product_brand?post=425"},{"taxonomy":"product_cat","embeddable":true,"href":"https:\/\/rociolamichesteticayspa.com\/index.php\/wp-json\/wp\/v2\/product_cat?post=425"},{"taxonomy":"product_tag","embeddable":true,"href":"https:\/\/rociolamichesteticayspa.com\/index.php\/wp-json\/wp\/v2\/product_tag?post=425"}],"curies":[{"name":"wp","href":"https:\/\/api.w.org\/{rel}","templated":true}]}}