{"id":424,"date":"2024-06-04T12:49:51","date_gmt":"2024-06-04T16:49:51","guid":{"rendered":"https:\/\/rociolamichesteticayspa.com\/?post_type=product&#038;p=424"},"modified":"2026-01-15T18:02:41","modified_gmt":"2026-01-15T22:02:41","slug":"sublime-effect-body-oil-aceite-corporal-remodelante","status":"publish","type":"product","link":"https:\/\/rociolamichesteticayspa.com\/index.php\/product\/sublime-effect-body-oil-aceite-corporal-remodelante\/","title":{"rendered":"SUBLIME EFFECT BODY OIL Aceite corporal remodelante"},"content":{"rendered":"<p>Aceite corporal remodelante perfeccionador.<\/p>\n<p>A base de algas marinas con un delicioso perfume a jazm\u00edn.<br \/>\nSu exclusiva e innovadora f\u00f3rmula act\u00faa directamente sobre los ac\u00famulos de grasa y l\u00edquidos, reduci\u00e9ndolos y evitando su futura acumulaci\u00f3n.<\/p>\n<p>Mejora la elasticidad y firmeza devolviendo a la piel su tersura; la celulitis resulta menos visible las estr\u00edas se difuminan y la figura se muestra m\u00e1s estilizada y tonificada. Al mismo tiempo, estimula la regeneraci\u00f3n y repara la piel da\u00f1ada, suavizando las imperfecciones, adem\u00e1s de aportar una exquisita nutrici\u00f3n e hidrataci\u00f3n long-lasting para conseguir una piel visiblemente m\u00e1s joven.<\/p>\n<p>Extraordinario aceite natural que concentra las algas m\u00e1s potentes para perfeccionar la figura y mostrar su mejor versi\u00f3n d\u00eda tras d\u00eda.<\/p>\n","protected":false},"excerpt":{"rendered":"<p>Aceite corporal remodelante perfeccionador. A base de algas marinas con un delicioso perfume a jazm\u00edn. Su exclusiva e innovadora f\u00f3rmula act\u00faa directamente sobre los ac\u00famulos de grasa y l\u00edquidos, reduci\u00e9ndolos y evitando su futura acumulaci\u00f3n. Mejora la elasticidad y firmeza devolviendo a la piel su tersura; la celulitis resulta menos visible las estr\u00edas se difuminan [&hellip;]<\/p>\n","protected":false},"featured_media":407,"template":"","meta":{"_joinchat":[]},"product_brand":[],"product_cat":[27],"product_tag":[],"class_list":{"0":"post-424","1":"product","2":"type-product","3":"status-publish","4":"has-post-thumbnail","6":"product_cat-prodcutos","8":"first","9":"instock","10":"shipping-taxable","11":"purchasable","12":"product-type-simple"},"tiered_pricing_type":"fixed","tiered_pricing_fixed_rules":[],"tiered_pricing_percentage_rules":[],"tiered_pricing_minimum":1,"tiered_pricing_roles_data":[],"_links":{"self":[{"href":"https:\/\/rociolamichesteticayspa.com\/index.php\/wp-json\/wp\/v2\/product\/424","targetHints":{"allow":["GET"]}}],"collection":[{"href":"https:\/\/rociolamichesteticayspa.com\/index.php\/wp-json\/wp\/v2\/product"}],"about":[{"href":"https:\/\/rociolamichesteticayspa.com\/index.php\/wp-json\/wp\/v2\/types\/product"}],"wp:featuredmedia":[{"embeddable":true,"href":"https:\/\/rociolamichesteticayspa.com\/index.php\/wp-json\/wp\/v2\/media\/407"}],"wp:attachment":[{"href":"https:\/\/rociolamichesteticayspa.com\/index.php\/wp-json\/wp\/v2\/media?parent=424"}],"wp:term":[{"taxonomy":"product_brand","embeddable":true,"href":"https:\/\/rociolamichesteticayspa.com\/index.php\/wp-json\/wp\/v2\/product_brand?post=424"},{"taxonomy":"product_cat","embeddable":true,"href":"https:\/\/rociolamichesteticayspa.com\/index.php\/wp-json\/wp\/v2\/product_cat?post=424"},{"taxonomy":"product_tag","embeddable":true,"href":"https:\/\/rociolamichesteticayspa.com\/index.php\/wp-json\/wp\/v2\/product_tag?post=424"}],"curies":[{"name":"wp","href":"https:\/\/api.w.org\/{rel}","templated":true}]}}