{"id":420,"date":"2024-06-04T12:36:13","date_gmt":"2024-06-04T16:36:13","guid":{"rendered":"https:\/\/rociolamichesteticayspa.com\/?post_type=product&#038;p=420"},"modified":"2025-10-05T16:41:58","modified_gmt":"2025-10-05T20:41:58","slug":"clarifying-concentrated-serum-peeling-quimico-aclarante-perfeccionador","status":"publish","type":"product","link":"https:\/\/rociolamichesteticayspa.com\/index.php\/product\/clarifying-concentrated-serum-peeling-quimico-aclarante-perfeccionador\/","title":{"rendered":"Clarifying Concentrated Serum peeling qu\u00edmico aclarante-perfeccionador"},"content":{"rendered":"<p><span style=\"vertical-align: inherit;\"><span style=\"vertical-align: inherit;\">PEELING QU\u00cdMICO ACLARANTE-PERFECCIONADOR. NOCHE. <\/span><\/span><br \/>\n<span style=\"vertical-align: inherit;\"><span style=\"vertical-align: inherit;\">Peeling qu\u00edmico concentrado que elimina las manchas, unifica el tono, aporta luminosidad y difumina los signos del envejecimiento.<\/span><\/span><\/p>\n<p><span style=\"vertical-align: inherit;\"><span style=\"vertical-align: inherit;\">CLARIFYING CONCENTRated SERUM combina la \u00faltima tecnolog\u00eda despigmentante basada en potentes \u00e1cidos de nueva generaci\u00f3n y con la tecnolog\u00eda liposomada m\u00e1s avanzada. Act\u00faa de un modo global frente a la pigmentaci\u00f3n irregular a la vez que mejora la hidrataci\u00f3n y elasticidad de la piel suavizando las arrugas.<\/span><\/span><\/p>\n<p><span style=\"vertical-align: inherit;\"><span style=\"vertical-align: inherit;\">Revolucionario s\u00e9rum de textura gel con activos de alto poder exfoliante y baja sensaci\u00f3n de irritaci\u00f3n. SERUM CLARIFICANTE CONCENTRADO act\u00faa de noche, para que despiertes con una piel renovada, luminosa, radiante y envuelta en un halo de luz.<\/span><\/span><\/p>\n<p><span style=\"vertical-align: inherit;\"><span style=\"vertical-align: inherit;\">Capacidad <\/span><\/span><br \/>\n<span style=\"vertical-align: inherit;\"><span style=\"vertical-align: inherit;\">30ml.<\/span><\/span><\/p>\n","protected":false},"excerpt":{"rendered":"<p>PEELING QU\u00cdMICO ACLARANTE-PERFECCIONADOR. NOCHE. Peeling qu\u00edmico concentrado que elimina las manchas, unifica el tono, aporta luminosidad y difumina los signos del envejecimiento. CLARIFYING CONCENTRated SERUM combina la \u00faltima tecnolog\u00eda despigmentante basada en potentes \u00e1cidos de nueva generaci\u00f3n y con la tecnolog\u00eda liposomada m\u00e1s avanzada. Act\u00faa de un modo global frente a la pigmentaci\u00f3n irregular a [&hellip;]<\/p>\n","protected":false},"featured_media":403,"template":"","meta":{"_joinchat":[]},"product_brand":[],"product_cat":[27],"product_tag":[],"class_list":{"0":"post-420","1":"product","2":"type-product","3":"status-publish","4":"has-post-thumbnail","6":"product_cat-prodcutos","8":"first","9":"instock","10":"shipping-taxable","11":"purchasable","12":"product-type-simple"},"tiered_pricing_type":"fixed","tiered_pricing_fixed_rules":[],"tiered_pricing_percentage_rules":[],"tiered_pricing_minimum":1,"tiered_pricing_roles_data":[],"_links":{"self":[{"href":"https:\/\/rociolamichesteticayspa.com\/index.php\/wp-json\/wp\/v2\/product\/420","targetHints":{"allow":["GET"]}}],"collection":[{"href":"https:\/\/rociolamichesteticayspa.com\/index.php\/wp-json\/wp\/v2\/product"}],"about":[{"href":"https:\/\/rociolamichesteticayspa.com\/index.php\/wp-json\/wp\/v2\/types\/product"}],"wp:featuredmedia":[{"embeddable":true,"href":"https:\/\/rociolamichesteticayspa.com\/index.php\/wp-json\/wp\/v2\/media\/403"}],"wp:attachment":[{"href":"https:\/\/rociolamichesteticayspa.com\/index.php\/wp-json\/wp\/v2\/media?parent=420"}],"wp:term":[{"taxonomy":"product_brand","embeddable":true,"href":"https:\/\/rociolamichesteticayspa.com\/index.php\/wp-json\/wp\/v2\/product_brand?post=420"},{"taxonomy":"product_cat","embeddable":true,"href":"https:\/\/rociolamichesteticayspa.com\/index.php\/wp-json\/wp\/v2\/product_cat?post=420"},{"taxonomy":"product_tag","embeddable":true,"href":"https:\/\/rociolamichesteticayspa.com\/index.php\/wp-json\/wp\/v2\/product_tag?post=420"}],"curies":[{"name":"wp","href":"https:\/\/api.w.org\/{rel}","templated":true}]}}