{"id":419,"date":"2024-06-04T12:34:58","date_gmt":"2024-06-04T16:34:58","guid":{"rendered":"https:\/\/rociolamichesteticayspa.com\/?post_type=product&#038;p=419"},"modified":"2025-01-03T07:48:57","modified_gmt":"2025-01-03T11:48:57","slug":"clarifying-antiaging-cream-crema-anti-edad-aclarante-iluminadora-con-f-p-s-50","status":"publish","type":"product","link":"https:\/\/rociolamichesteticayspa.com\/index.php\/product\/clarifying-antiaging-cream-crema-anti-edad-aclarante-iluminadora-con-f-p-s-50\/","title":{"rendered":"Clarifying Antiaging Cream Crema anti-edad aclarante iluminadora con F.P.S. 50"},"content":{"rendered":"<p>CREMA ANTI-EDAD ACLARANTE ILUMINADORA CON F.P.S. 50.<br \/>\nCrema anti- edad aclarante iluminadora con F.P.S. 50, que elimina o suaviza las manchas y evita su aparici\u00f3n; a la vez que combate de un modo global el fotoenvejecimiento y los signos de la edad de un modo tratante y preventivo. Aporta un halo de perfecci\u00f3n al rostro desde la primera aplicaci\u00f3n.<\/p>\n<p>Innovadora f\u00f3rmula de textura fluida y r\u00e1pida absorci\u00f3n que repara, aclara, protege, ilumina y combate la aparici\u00f3n de los signos del envejecimiento unificando el tono de la piel y aportando intensa luminosidad al rostro desde la primera aplicaci\u00f3n.<\/p>\n<p>Capacidad<br \/>\n50 ml.<\/p>\n","protected":false},"excerpt":{"rendered":"<p>CREMA ANTI-EDAD ACLARANTE ILUMINADORA CON F.P.S. 50. Crema anti- edad aclarante iluminadora con F.P.S. 50, que elimina o suaviza las manchas y evita su aparici\u00f3n; a la vez que combate de un modo global el fotoenvejecimiento y los signos de la edad de un modo tratante y preventivo. Aporta un halo de perfecci\u00f3n al rostro [&hellip;]<\/p>\n","protected":false},"featured_media":402,"template":"","meta":{"_joinchat":[]},"product_brand":[],"product_cat":[27],"product_tag":[],"class_list":{"0":"post-419","1":"product","2":"type-product","3":"status-publish","4":"has-post-thumbnail","6":"product_cat-prodcutos","8":"first","9":"instock","10":"shipping-taxable","11":"purchasable","12":"product-type-simple"},"tiered_pricing_type":"fixed","tiered_pricing_fixed_rules":[],"tiered_pricing_percentage_rules":[],"tiered_pricing_minimum":1,"tiered_pricing_roles_data":[],"_links":{"self":[{"href":"https:\/\/rociolamichesteticayspa.com\/index.php\/wp-json\/wp\/v2\/product\/419","targetHints":{"allow":["GET"]}}],"collection":[{"href":"https:\/\/rociolamichesteticayspa.com\/index.php\/wp-json\/wp\/v2\/product"}],"about":[{"href":"https:\/\/rociolamichesteticayspa.com\/index.php\/wp-json\/wp\/v2\/types\/product"}],"wp:featuredmedia":[{"embeddable":true,"href":"https:\/\/rociolamichesteticayspa.com\/index.php\/wp-json\/wp\/v2\/media\/402"}],"wp:attachment":[{"href":"https:\/\/rociolamichesteticayspa.com\/index.php\/wp-json\/wp\/v2\/media?parent=419"}],"wp:term":[{"taxonomy":"product_brand","embeddable":true,"href":"https:\/\/rociolamichesteticayspa.com\/index.php\/wp-json\/wp\/v2\/product_brand?post=419"},{"taxonomy":"product_cat","embeddable":true,"href":"https:\/\/rociolamichesteticayspa.com\/index.php\/wp-json\/wp\/v2\/product_cat?post=419"},{"taxonomy":"product_tag","embeddable":true,"href":"https:\/\/rociolamichesteticayspa.com\/index.php\/wp-json\/wp\/v2\/product_tag?post=419"}],"curies":[{"name":"wp","href":"https:\/\/api.w.org\/{rel}","templated":true}]}}