{"id":417,"date":"2024-06-04T12:31:46","date_gmt":"2024-06-04T16:31:46","guid":{"rendered":"https:\/\/rociolamichesteticayspa.com\/?post_type=product&#038;p=417"},"modified":"2025-01-03T07:49:30","modified_gmt":"2025-01-03T11:49:30","slug":"power-lift-4d-superconcentrado-redensificador-supremo","status":"publish","type":"product","link":"https:\/\/rociolamichesteticayspa.com\/index.php\/product\/power-lift-4d-superconcentrado-redensificador-supremo\/","title":{"rendered":"Power Lift 4D Superconcentrado Redensificador Supremo"},"content":{"rendered":"<p>\u00bfPara qui\u00e9n est\u00e1 indicado?<br \/>\nTodo tipo de piel.<\/p>\n<p>El SUPERCONCENTRADO POWER LIFT 4D est\u00e1 indicado para rostros que deseen combatir la flacidez, las arrugas (incipientes o establecidas) y la falta de turgencia. As\u00ed como para aquellos que deseen aportar un extraordinario cuidado anti-edad a la piel.<\/p>\n<p>Acci\u00f3n<br \/>\nTensor. Difuminador de arrugas.<\/p>\n<p>Hidrataci\u00f3n 24h.<\/p>\n<p>Reafirmante global.<\/p>\n<p>Reestructurante-redensificador.<\/p>\n<p>Redefine el \u00f3valo facial.<\/p>\n<p>Resultados<br \/>\nEfecto lifting 30\u2019.<\/p>\n<p>Rellena las arrugas desde el interior.<\/p>\n<p>Contorno labial redefinido +33%*.<\/p>\n<p>Incremento de la hidrataci\u00f3n +155%*.<\/p>\n<p>Activos<br \/>\nHYALURONIC 4D: ultrahidratante. Rellenador de arrugas. Complejo de \u00e1cido hialur\u00f3nico con 4 pesos moleculares distintos que act\u00faa en 4 niveles en la piel para reafirmar, redefinir y evitar la aparici\u00f3n de los signos del envejecimiento. Hyaluronic 4D penetra en los huecos intercelulares de la epidermis y dermis redensificando la piel desde el interior, aporta hidrataci\u00f3n 24h, reduce la p\u00e9rdida de agua en la piel y, adem\u00e1s, evita los da\u00f1os causados por la poluci\u00f3n y los rayos UV.<\/p>\n<p>ESENCIA DE MADAGASCAR: tensor (efecto lifting). Difuminador de arrugas. Extracto de Acmella Oleracea procedente de Madagascar, activo que reduce eficazmente las arrugas y l\u00edneas de expresi\u00f3n siendo visible el resultado desde la primera aplicaci\u00f3n. Su efecto alisante produce una redefinici\u00f3n del contorno de los labios.<\/p>\n<p>Aceite fermentado de SHIUNKO: reafirmante global. Hierba medicinal china rica en z-lingustilida y shikonin que aporta una suavidad extraordinaria.<\/p>\n<p>Su acci\u00f3n reafirmante se debe a que aumenta el n\u00famero y viabilidad de los<br \/>\nfibroblastos.<\/p>\n<p>P\u00c9PTIDO BIOINTELIGENTE: Reestructurante-redensificador. Potencia la s\u00edntesis de proteoglicanos. Activo que estimula la s\u00edntesis de los componentes de la matriz extracelular (MEC) y refuerza el col\u00e1geno, evitando la aparici\u00f3n de flacidez en el rostro.<\/p>\n<p>Z-MARINE: redefine el ovalo facial. Activo biotecnol\u00f3gico marino end\u00e9mico del oc\u00e9ano \u00cdndico con propiedades extraordinarias. Provoca un lifting inmediato, la contracci\u00f3n de la piel y la remodelaci\u00f3n del \u00f3valo facial.<\/p>\n<p>Capacidad<br \/>\n30 ml.<\/p>\n","protected":false},"excerpt":{"rendered":"<p>\u00bfPara qui\u00e9n est\u00e1 indicado? Todo tipo de piel. El SUPERCONCENTRADO POWER LIFT 4D est\u00e1 indicado para rostros que deseen combatir la flacidez, las arrugas (incipientes o establecidas) y la falta de turgencia. As\u00ed como para aquellos que deseen aportar un extraordinario cuidado anti-edad a la piel. Acci\u00f3n Tensor. Difuminador de arrugas. Hidrataci\u00f3n 24h. Reafirmante global. [&hellip;]<\/p>\n","protected":false},"featured_media":400,"template":"","meta":{"_joinchat":[]},"product_brand":[],"product_cat":[27],"product_tag":[],"class_list":{"0":"post-417","1":"product","2":"type-product","3":"status-publish","4":"has-post-thumbnail","6":"product_cat-prodcutos","8":"first","9":"instock","10":"shipping-taxable","11":"purchasable","12":"product-type-simple"},"tiered_pricing_type":"fixed","tiered_pricing_fixed_rules":[],"tiered_pricing_percentage_rules":[],"tiered_pricing_minimum":1,"tiered_pricing_roles_data":[],"_links":{"self":[{"href":"https:\/\/rociolamichesteticayspa.com\/index.php\/wp-json\/wp\/v2\/product\/417","targetHints":{"allow":["GET"]}}],"collection":[{"href":"https:\/\/rociolamichesteticayspa.com\/index.php\/wp-json\/wp\/v2\/product"}],"about":[{"href":"https:\/\/rociolamichesteticayspa.com\/index.php\/wp-json\/wp\/v2\/types\/product"}],"wp:featuredmedia":[{"embeddable":true,"href":"https:\/\/rociolamichesteticayspa.com\/index.php\/wp-json\/wp\/v2\/media\/400"}],"wp:attachment":[{"href":"https:\/\/rociolamichesteticayspa.com\/index.php\/wp-json\/wp\/v2\/media?parent=417"}],"wp:term":[{"taxonomy":"product_brand","embeddable":true,"href":"https:\/\/rociolamichesteticayspa.com\/index.php\/wp-json\/wp\/v2\/product_brand?post=417"},{"taxonomy":"product_cat","embeddable":true,"href":"https:\/\/rociolamichesteticayspa.com\/index.php\/wp-json\/wp\/v2\/product_cat?post=417"},{"taxonomy":"product_tag","embeddable":true,"href":"https:\/\/rociolamichesteticayspa.com\/index.php\/wp-json\/wp\/v2\/product_tag?post=417"}],"curies":[{"name":"wp","href":"https:\/\/api.w.org\/{rel}","templated":true}]}}