{"id":414,"date":"2024-06-04T12:24:19","date_gmt":"2024-06-04T16:24:19","guid":{"rendered":"https:\/\/rociolamichesteticayspa.com\/?post_type=product&#038;p=414"},"modified":"2025-01-03T07:50:17","modified_gmt":"2025-01-03T11:50:17","slug":"detox-cleanser-cleanser-dermopurifying-oily-skin-limpiador-facial-antiseptico-piel-grasa-150-ml","status":"publish","type":"product","link":"https:\/\/rociolamichesteticayspa.com\/index.php\/product\/detox-cleanser-cleanser-dermopurifying-oily-skin-limpiador-facial-antiseptico-piel-grasa-150-ml\/","title":{"rendered":"Detox Cleanser (Cleanser Dermopurifying Oily Skin) Limpiador facial antis\u00e9ptico \/ piel grasa 150 ml"},"content":{"rendered":"<p>Tecnolog\u00eda<br \/>\nACIDO SALIC\u00cdLICO\u00ae: evita la formaci\u00f3n de puntos negros.<\/p>\n<p>LIPACIDE C86\u00ae: impide la proliferaci\u00f3n de g\u00e9rmenes cuando se producen ac\u00famulos de sebo.<\/p>\n<p>EXTRACTO DE PORTULACA: mantiene la piel uniforme y sin alteraciones.<\/p>\n<p>Beneficios Gran capacidad de limpieza y corrector del exceso de grasa.<\/p>\n<p>Resultados Piel limpia y sin grasa.<\/p>\n<p>Tipo Piel<br \/>\nPiel Mixta, Piel Grasa<\/p>\n<p>Textura<br \/>\nGel<\/p>\n<p>Funci\u00f3n<br \/>\nLimpiadora<\/p>\n<p>Volumen<br \/>\n150 ml<\/p>\n","protected":false},"excerpt":{"rendered":"<p>Tecnolog\u00eda ACIDO SALIC\u00cdLICO\u00ae: evita la formaci\u00f3n de puntos negros. LIPACIDE C86\u00ae: impide la proliferaci\u00f3n de g\u00e9rmenes cuando se producen ac\u00famulos de sebo. EXTRACTO DE PORTULACA: mantiene la piel uniforme y sin alteraciones. Beneficios Gran capacidad de limpieza y corrector del exceso de grasa. Resultados Piel limpia y sin grasa. Tipo Piel Piel Mixta, Piel Grasa [&hellip;]<\/p>\n","protected":false},"featured_media":397,"template":"","meta":{"_joinchat":[]},"product_brand":[],"product_cat":[27],"product_tag":[],"class_list":{"0":"post-414","1":"product","2":"type-product","3":"status-publish","4":"has-post-thumbnail","6":"product_cat-prodcutos","8":"first","9":"instock","10":"shipping-taxable","11":"purchasable","12":"product-type-simple"},"tiered_pricing_type":"fixed","tiered_pricing_fixed_rules":[],"tiered_pricing_percentage_rules":[],"tiered_pricing_minimum":1,"tiered_pricing_roles_data":[],"_links":{"self":[{"href":"https:\/\/rociolamichesteticayspa.com\/index.php\/wp-json\/wp\/v2\/product\/414","targetHints":{"allow":["GET"]}}],"collection":[{"href":"https:\/\/rociolamichesteticayspa.com\/index.php\/wp-json\/wp\/v2\/product"}],"about":[{"href":"https:\/\/rociolamichesteticayspa.com\/index.php\/wp-json\/wp\/v2\/types\/product"}],"wp:featuredmedia":[{"embeddable":true,"href":"https:\/\/rociolamichesteticayspa.com\/index.php\/wp-json\/wp\/v2\/media\/397"}],"wp:attachment":[{"href":"https:\/\/rociolamichesteticayspa.com\/index.php\/wp-json\/wp\/v2\/media?parent=414"}],"wp:term":[{"taxonomy":"product_brand","embeddable":true,"href":"https:\/\/rociolamichesteticayspa.com\/index.php\/wp-json\/wp\/v2\/product_brand?post=414"},{"taxonomy":"product_cat","embeddable":true,"href":"https:\/\/rociolamichesteticayspa.com\/index.php\/wp-json\/wp\/v2\/product_cat?post=414"},{"taxonomy":"product_tag","embeddable":true,"href":"https:\/\/rociolamichesteticayspa.com\/index.php\/wp-json\/wp\/v2\/product_tag?post=414"}],"curies":[{"name":"wp","href":"https:\/\/api.w.org\/{rel}","templated":true}]}}