{"id":413,"date":"2024-06-04T12:22:15","date_gmt":"2024-06-04T16:22:15","guid":{"rendered":"https:\/\/rociolamichesteticayspa.com\/?post_type=product&#038;p=413"},"modified":"2024-11-25T20:09:08","modified_gmt":"2024-11-26T00:09:08","slug":"dd-cream-urban-protect-con-color-spf-30","status":"publish","type":"product","link":"https:\/\/rociolamichesteticayspa.com\/index.php\/product\/dd-cream-urban-protect-con-color-spf-30\/","title":{"rendered":"DD CREAM URBAN PROTECT CON COLOR SPF 30"},"content":{"rendered":"<p>Crema hidratante con color para todo tipo de piel. Especialmente indicada para personas que vivan en ciudades o pieles sometidas a la contaminaci\u00f3n (con escudo antipoluci\u00f3n) como para personas que usan habitualmente dispositivos electr\u00f3nicos (con protecci\u00f3n de la luz azul).<\/p>\n<p>Crema que combate cada d\u00eda la poluci\u00f3n, rayos UV y la luz azul y la protege del estr\u00e9s oxidativo y el fotoenvejecimiento. Act\u00faa como un escudo urbano para la defensa diaria de la piel que protege, perfecciona, trata y unifica el tono con acabado natural.<\/p>\n<p>Con TECNOLOG\u00cdA MULTI-LIGHT, tecnolog\u00eda desarrollada por CASMARA que fusiona activos que protegen la piel frente a las radiaciones UVA-UVB y luz azul, gracias a sus filtros de amplio espectro con S.P.F. 30, mientras sus activos antipoluci\u00f3n, neutralizan part\u00edculas perjudiciales para la piel y la protegen.<\/p>\n<p>Acci\u00f3n iluminadora y antifatiga que reduce la apariencia de cansancio en el rostro. Difumina al instante l\u00edneas de expresi\u00f3n e imperfecciones gracias a su efecto \u201cblurring effect\u201d al mismo tiempo que ejerce una acci\u00f3n antiedad inmediata y a largo plazo.<\/p>\n<p>Aporta a la piel un acabado suave y terso. El color de la crema est\u00e1 especialmente formulado para que se funda con la piel, unificando el tono de la piel con acabado natural, aportando una intensa luminosidad y un efecto \u201cbuena cara\u201d que dura todo el d\u00eda.<\/p>\n<p>La piel queda protegida, con un tono uniforme y un con acabado natural. Piel luminosa, suave y aterciopelada.<\/p>\n<p>Un nuevo concepto de cosm\u00e9tica multifunci\u00f3n. \u00a1NATURAL, PROTEGIDA Y PERFECTA!<\/p>\n","protected":false},"excerpt":{"rendered":"<p>Crema hidratante con color para todo tipo de piel. Especialmente indicada para personas que vivan en ciudades o pieles sometidas a la contaminaci\u00f3n (con escudo antipoluci\u00f3n) como para personas que usan habitualmente dispositivos electr\u00f3nicos (con protecci\u00f3n de la luz azul). Crema que combate cada d\u00eda la poluci\u00f3n, rayos UV y la luz azul y la [&hellip;]<\/p>\n","protected":false},"featured_media":396,"template":"","meta":{"_joinchat":[]},"product_brand":[],"product_cat":[27],"product_tag":[],"class_list":{"0":"post-413","1":"product","2":"type-product","3":"status-publish","4":"has-post-thumbnail","6":"product_cat-prodcutos","8":"first","9":"instock","10":"shipping-taxable","11":"purchasable","12":"product-type-simple"},"tiered_pricing_type":"fixed","tiered_pricing_fixed_rules":[],"tiered_pricing_percentage_rules":[],"tiered_pricing_minimum":1,"tiered_pricing_roles_data":[],"_links":{"self":[{"href":"https:\/\/rociolamichesteticayspa.com\/index.php\/wp-json\/wp\/v2\/product\/413","targetHints":{"allow":["GET"]}}],"collection":[{"href":"https:\/\/rociolamichesteticayspa.com\/index.php\/wp-json\/wp\/v2\/product"}],"about":[{"href":"https:\/\/rociolamichesteticayspa.com\/index.php\/wp-json\/wp\/v2\/types\/product"}],"wp:featuredmedia":[{"embeddable":true,"href":"https:\/\/rociolamichesteticayspa.com\/index.php\/wp-json\/wp\/v2\/media\/396"}],"wp:attachment":[{"href":"https:\/\/rociolamichesteticayspa.com\/index.php\/wp-json\/wp\/v2\/media?parent=413"}],"wp:term":[{"taxonomy":"product_brand","embeddable":true,"href":"https:\/\/rociolamichesteticayspa.com\/index.php\/wp-json\/wp\/v2\/product_brand?post=413"},{"taxonomy":"product_cat","embeddable":true,"href":"https:\/\/rociolamichesteticayspa.com\/index.php\/wp-json\/wp\/v2\/product_cat?post=413"},{"taxonomy":"product_tag","embeddable":true,"href":"https:\/\/rociolamichesteticayspa.com\/index.php\/wp-json\/wp\/v2\/product_tag?post=413"}],"curies":[{"name":"wp","href":"https:\/\/api.w.org\/{rel}","templated":true}]}}