{"id":205,"date":"2024-04-15T14:11:08","date_gmt":"2024-04-15T18:11:08","guid":{"rendered":"https:\/\/rociolamichesteticayspa.com\/?post_type=product&#038;p=205"},"modified":"2024-10-02T17:01:32","modified_gmt":"2024-10-02T21:01:32","slug":"fortalecedor-de-pestanas-naturales-cejas-y-entradas-del-cabello-puluk-tratamiento","status":"publish","type":"product","link":"https:\/\/rociolamichesteticayspa.com\/index.php\/product\/fortalecedor-de-pestanas-naturales-cejas-y-entradas-del-cabello-puluk-tratamiento\/","title":{"rendered":"Fortalecedor de pesta\u00f1as naturales, cejas y entradas del cabello PULUK TRATAMIENTO."},"content":{"rendered":"<p><span style=\"vertical-align: inherit;\"><span style=\"vertical-align: inherit;\"><span style=\"vertical-align: inherit;\"><span style=\"vertical-align: inherit;\">Maravilloso tratamiento ideal para mantener tus pesta\u00f1as saludables durante el uso de extensiones de pesta\u00f1as, procedimientos qu\u00edmicos.<\/span><\/span><\/span><\/span><\/p>\n","protected":false},"excerpt":{"rendered":"<p>Maravilloso tratamiento ideal para mantener tus pesta\u00f1as saludables durante el uso de extensiones de pesta\u00f1as, procedimientos qu\u00edmicos.<\/p>\n","protected":false},"featured_media":218,"template":"","meta":{"_joinchat":[]},"product_brand":[],"product_cat":[27],"product_tag":[],"class_list":{"0":"post-205","1":"product","2":"type-product","3":"status-publish","4":"has-post-thumbnail","6":"product_cat-prodcutos","8":"first","9":"instock","10":"shipping-taxable","11":"purchasable","12":"product-type-simple"},"tiered_pricing_type":"fixed","tiered_pricing_fixed_rules":[],"tiered_pricing_percentage_rules":[],"tiered_pricing_minimum":1,"tiered_pricing_roles_data":[],"_links":{"self":[{"href":"https:\/\/rociolamichesteticayspa.com\/index.php\/wp-json\/wp\/v2\/product\/205","targetHints":{"allow":["GET"]}}],"collection":[{"href":"https:\/\/rociolamichesteticayspa.com\/index.php\/wp-json\/wp\/v2\/product"}],"about":[{"href":"https:\/\/rociolamichesteticayspa.com\/index.php\/wp-json\/wp\/v2\/types\/product"}],"wp:featuredmedia":[{"embeddable":true,"href":"https:\/\/rociolamichesteticayspa.com\/index.php\/wp-json\/wp\/v2\/media\/218"}],"wp:attachment":[{"href":"https:\/\/rociolamichesteticayspa.com\/index.php\/wp-json\/wp\/v2\/media?parent=205"}],"wp:term":[{"taxonomy":"product_brand","embeddable":true,"href":"https:\/\/rociolamichesteticayspa.com\/index.php\/wp-json\/wp\/v2\/product_brand?post=205"},{"taxonomy":"product_cat","embeddable":true,"href":"https:\/\/rociolamichesteticayspa.com\/index.php\/wp-json\/wp\/v2\/product_cat?post=205"},{"taxonomy":"product_tag","embeddable":true,"href":"https:\/\/rociolamichesteticayspa.com\/index.php\/wp-json\/wp\/v2\/product_tag?post=205"}],"curies":[{"name":"wp","href":"https:\/\/api.w.org\/{rel}","templated":true}]}}