{"id":1250,"date":"2026-02-12T08:49:57","date_gmt":"2026-02-12T12:49:57","guid":{"rendered":"https:\/\/rociolamichesteticayspa.com\/?post_type=product&#038;p=1250"},"modified":"2026-02-12T08:51:27","modified_gmt":"2026-02-12T12:51:27","slug":"masaje-descontracturante-1-persona","status":"publish","type":"product","link":"https:\/\/rociolamichesteticayspa.com\/index.php\/product\/masaje-descontracturante-1-persona\/","title":{"rendered":"Masaje Descontracturante 1 Persona"},"content":{"rendered":"<p style=\"margin-bottom: 1.3em; margin-top: 0px; color: #565656; font-family: Lato, sans-serif; font-size: 14.4px;\"><span style=\"vertical-align: inherit;\">Masaje completo de pies a cabeza dise\u00f1ado para sensibilizar el sistema nervioso y la elasticidad del m\u00fasculo a trav\u00e9s de maniobras profundas.<\/span><\/p>\n<p style=\"margin-bottom: 1.3em; margin-top: 0px; color: #565656; font-family: Lato, sans-serif; font-size: 14.4px;\"><span style=\"vertical-align: inherit;\">Alivia tensiones y dolores musculares producidos por estr\u00e9s, malas posturas y\/o lesiones.<\/span><\/p>\n<p style=\"margin-bottom: 1.3em; margin-top: 0px; color: #565656; font-family: Lato, sans-serif; font-size: 14.4px;\">\n","protected":false},"excerpt":{"rendered":"<p><span style=\"vertical-align: inherit;\">Masaje completo de pies a cabeza dise\u00f1ado para sensibilizar el sistema nervioso y la elasticidad del m\u00fasculo<\/span><\/p>\n","protected":false},"featured_media":230,"template":"","meta":{"_joinchat":[]},"product_brand":[],"product_cat":[24],"product_tag":[],"class_list":{"0":"post-1250","1":"product","2":"type-product","3":"status-publish","4":"has-post-thumbnail","6":"product_cat-masajes","8":"first","9":"instock","10":"shipping-taxable","11":"purchasable","12":"product-type-simple"},"tiered_pricing_type":"fixed","tiered_pricing_fixed_rules":[],"tiered_pricing_percentage_rules":[],"tiered_pricing_minimum":1,"tiered_pricing_roles_data":[],"_links":{"self":[{"href":"https:\/\/rociolamichesteticayspa.com\/index.php\/wp-json\/wp\/v2\/product\/1250","targetHints":{"allow":["GET"]}}],"collection":[{"href":"https:\/\/rociolamichesteticayspa.com\/index.php\/wp-json\/wp\/v2\/product"}],"about":[{"href":"https:\/\/rociolamichesteticayspa.com\/index.php\/wp-json\/wp\/v2\/types\/product"}],"wp:featuredmedia":[{"embeddable":true,"href":"https:\/\/rociolamichesteticayspa.com\/index.php\/wp-json\/wp\/v2\/media\/230"}],"wp:attachment":[{"href":"https:\/\/rociolamichesteticayspa.com\/index.php\/wp-json\/wp\/v2\/media?parent=1250"}],"wp:term":[{"taxonomy":"product_brand","embeddable":true,"href":"https:\/\/rociolamichesteticayspa.com\/index.php\/wp-json\/wp\/v2\/product_brand?post=1250"},{"taxonomy":"product_cat","embeddable":true,"href":"https:\/\/rociolamichesteticayspa.com\/index.php\/wp-json\/wp\/v2\/product_cat?post=1250"},{"taxonomy":"product_tag","embeddable":true,"href":"https:\/\/rociolamichesteticayspa.com\/index.php\/wp-json\/wp\/v2\/product_tag?post=1250"}],"curies":[{"name":"wp","href":"https:\/\/api.w.org\/{rel}","templated":true}]}}