{"id":1192,"date":"2025-12-08T11:34:31","date_gmt":"2025-12-08T15:34:31","guid":{"rendered":"https:\/\/rociolamichesteticayspa.com\/?post_type=product&#038;p=1192"},"modified":"2026-02-12T08:56:15","modified_gmt":"2026-02-12T12:56:15","slug":"hidromasaje-o-sauna-masaje-de-relajacion-copia","status":"publish","type":"product","link":"https:\/\/rociolamichesteticayspa.com\/index.php\/product\/hidromasaje-o-sauna-masaje-de-relajacion-copia\/","title":{"rendered":"Hidromasaje o Sauna + Masaje de Relajaci\u00f3n"},"content":{"rendered":"<p><span style=\"vertical-align: inherit;\"><span style=\"vertical-align: inherit;\"><span style=\"vertical-align: inherit;\">Disfruta de un rico masaje de relajaci\u00f3n, acompa\u00f1ado de una desintoxicante sesi\u00f3n de sauna o un relajante hidro masaje<\/span><\/span><\/span><\/p>\n","protected":false},"excerpt":{"rendered":"<p><span style=\"vertical-align: inherit;\"><span style=\"vertical-align: inherit;\"><span style=\"vertical-align: inherit;\">Disfruta de un espacio dise\u00f1ado para desintoxicar tu cuerpo, aliviar tensiones y revitalizar tu piel.<\/span><\/span><\/span><\/p>\n","protected":false},"featured_media":236,"template":"","meta":{"_joinchat":[]},"product_brand":[],"product_cat":[25,28],"product_tag":[],"class_list":{"0":"post-1192","1":"product","2":"type-product","3":"status-publish","4":"has-post-thumbnail","6":"product_cat-body-spa","7":"product_cat-promociones","9":"first","10":"instock","11":"shipping-taxable","12":"purchasable","13":"product-type-simple"},"tiered_pricing_type":"fixed","tiered_pricing_fixed_rules":[],"tiered_pricing_percentage_rules":[],"tiered_pricing_minimum":1,"tiered_pricing_roles_data":[],"_links":{"self":[{"href":"https:\/\/rociolamichesteticayspa.com\/index.php\/wp-json\/wp\/v2\/product\/1192","targetHints":{"allow":["GET"]}}],"collection":[{"href":"https:\/\/rociolamichesteticayspa.com\/index.php\/wp-json\/wp\/v2\/product"}],"about":[{"href":"https:\/\/rociolamichesteticayspa.com\/index.php\/wp-json\/wp\/v2\/types\/product"}],"wp:featuredmedia":[{"embeddable":true,"href":"https:\/\/rociolamichesteticayspa.com\/index.php\/wp-json\/wp\/v2\/media\/236"}],"wp:attachment":[{"href":"https:\/\/rociolamichesteticayspa.com\/index.php\/wp-json\/wp\/v2\/media?parent=1192"}],"wp:term":[{"taxonomy":"product_brand","embeddable":true,"href":"https:\/\/rociolamichesteticayspa.com\/index.php\/wp-json\/wp\/v2\/product_brand?post=1192"},{"taxonomy":"product_cat","embeddable":true,"href":"https:\/\/rociolamichesteticayspa.com\/index.php\/wp-json\/wp\/v2\/product_cat?post=1192"},{"taxonomy":"product_tag","embeddable":true,"href":"https:\/\/rociolamichesteticayspa.com\/index.php\/wp-json\/wp\/v2\/product_tag?post=1192"}],"curies":[{"name":"wp","href":"https:\/\/api.w.org\/{rel}","templated":true}]}}