{"id":1137,"date":"2025-11-24T13:41:33","date_gmt":"2025-11-24T17:41:33","guid":{"rendered":"https:\/\/rociolamichesteticayspa.com\/?post_type=product&#038;p=1137"},"modified":"2026-01-15T18:09:45","modified_gmt":"2026-01-15T22:09:45","slug":"maximus-trilipo-facial-y-corporal","status":"publish","type":"product","link":"https:\/\/rociolamichesteticayspa.com\/index.php\/product\/maximus-trilipo-facial-y-corporal\/","title":{"rendered":"Maximus Trilipo Facial o Corporal"},"content":{"rendered":"<p><span style=\"vertical-align: inherit;\"><span style=\"vertical-align: inherit;\"><span style=\"vertical-align: inherit;\"><span style=\"vertical-align: inherit;\"><span style=\"vertical-align: inherit;\"><span style=\"vertical-align: inherit;\"><span style=\"vertical-align: inherit;\"><span style=\"vertical-align: inherit;\">Nuestro equipo Maximus TriLipo\u00ae de la prestigiosa marca Pollogen, entrega el mejor tratamiento reductivo y reafirmante del mercado con resultados garantizados y presencia a nivel mundial. <\/span><\/span><\/span><\/span><\/span><\/span><\/span><\/span><br \/>\n<span style=\"vertical-align: inherit;\"><span style=\"vertical-align: inherit;\"><span style=\"vertical-align: inherit;\"><span style=\"vertical-align: inherit;\"><span style=\"vertical-align: inherit;\"><span style=\"vertical-align: inherit;\"><span style=\"vertical-align: inherit;\"><span style=\"vertical-align: inherit;\">Posee tecnolog\u00eda patentada denominada TriLipo\u00ae, que permite trabajar las cuatro capas de la piel: epidermis, dermis, grasa y m\u00fasculo, lo que proporciona un tratamiento completo de antienvejecimiento y modelado corporal. Su tecnolog\u00eda se define de la siguiente forma:<\/span><\/span><\/span><\/span><\/span><\/span><\/span><\/span><\/p>\n<p><span style=\"vertical-align: inherit;\"><span style=\"vertical-align: inherit;\">El tratamiento Maximus trilipo corporal derrite la adiposidad acumulada a trav\u00e9s de calor permitiendo as\u00ed llegar a las capas m\u00e1s profundas de la piel donde se alojan los Adipocitos (grasa), adem\u00e1s posee un sistema de activaci\u00f3n muscular din\u00e1mico que trabaja la musculatura para liberar la grasa entre el m\u00fasculo.<\/span><\/span><\/p>\n<p><span style=\"vertical-align: inherit;\"><span style=\"vertical-align: inherit;\">Sesiones 9<br \/>\nCupos: 8<br \/>\nValor por<\/span><\/span><\/p>\n<p>&nbsp;<\/p>\n<p>\ud83e\udee7 Condiciones de uso \u2013 Spa \ud83e\uddd6\ud83c\udffb\u200d\u2640\ufe0f\u2728<\/p>\n<p>Al adquirir un servicio en nuestro Spa, aceptas las siguientes condiciones:<\/p>\n<p>* Vigencia: Tu servicio tiene una duraci\u00f3n de 60 d\u00edas desde la fecha de compra. (Este punto no aplica si ya tienes una cita agendada).<\/p>\n<p>* Puntualidad: Rogamos llegar a la hora acordada. En caso de atraso, se descontar\u00e1n los minutos de tu sesi\u00f3n sin extensi\u00f3n del tiempo.<\/p>\n<p>* Cancelaciones: Puedes cancelar o reagendar tu cita con m\u00ednimo 3 horas de anticipaci\u00f3n. Si no se informa en ese plazo, la sesi\u00f3n se pierde sin opci\u00f3n de reagendar ni reembolso.<\/p>\n<p>* Re agendamientos: Cada servicio puede ser reagendado un m\u00e1ximo de 2 veces, seg\u00fan disponibilidad de horarios.<\/p>\n<p>* Si el cliente decide no asistir ni reagendar su cita, el valor pagado no ser\u00e1 devuelto.<\/p>\n<p>* Uso del servicio: Todos los servicios deben ser utilizados el mismo d\u00eda. No se acumulan ni se dividen.<\/p>\n<p>* No reembolsable ni canjeable: Los servicios no son canjeables por dinero ni productos bajo ninguna circunstancia.<\/p>\n<p>* Agendamiento: Las horas se coordinan de acuerdo a la disponibilidad del Spa, y es responsabilidad del cliente confirmar su cita.<\/p>\n<p><span style=\"vertical-align: inherit;\">\u00a0<\/span><\/p>\n<p><span style=\"vertical-align: inherit;\"><span style=\"vertical-align: inherit;\">\u00a0<\/span><\/span><\/p>\n","protected":false},"excerpt":{"rendered":"<p><span style=\"vertical-align: inherit;\"><span style=\"vertical-align: inherit;\"><span style=\"vertical-align: inherit;\"><span style=\"vertical-align: inherit;\"><span style=\"vertical-align: inherit;\"><span style=\"vertical-align: inherit;\"><span style=\"vertical-align: inherit;\"><span style=\"vertical-align: inherit;\">Nuestro equipo Maximus TriLipo\u00ae de la prestigiosa marca Pollogen, entrega el mejor tratamiento reductivo y reafirmante del mercado con resultados garantizados y presencia a nivel mundial.<\/span><\/span><\/span><\/span><\/span><\/span><\/span><\/span><\/p>\n<p>&nbsp;<\/p>\n<p>&nbsp;<\/p>\n","protected":false},"featured_media":546,"template":"","meta":{"_joinchat":[]},"product_brand":[],"product_cat":[25],"product_tag":[],"class_list":{"0":"post-1137","1":"product","2":"type-product","3":"status-publish","4":"has-post-thumbnail","6":"product_cat-body-spa","8":"first","9":"instock","10":"shipping-taxable","11":"purchasable","12":"product-type-simple"},"tiered_pricing_type":"fixed","tiered_pricing_fixed_rules":{"8":"48000"},"tiered_pricing_percentage_rules":[],"tiered_pricing_minimum":1,"tiered_pricing_roles_data":[],"_links":{"self":[{"href":"https:\/\/rociolamichesteticayspa.com\/index.php\/wp-json\/wp\/v2\/product\/1137","targetHints":{"allow":["GET"]}}],"collection":[{"href":"https:\/\/rociolamichesteticayspa.com\/index.php\/wp-json\/wp\/v2\/product"}],"about":[{"href":"https:\/\/rociolamichesteticayspa.com\/index.php\/wp-json\/wp\/v2\/types\/product"}],"wp:featuredmedia":[{"embeddable":true,"href":"https:\/\/rociolamichesteticayspa.com\/index.php\/wp-json\/wp\/v2\/media\/546"}],"wp:attachment":[{"href":"https:\/\/rociolamichesteticayspa.com\/index.php\/wp-json\/wp\/v2\/media?parent=1137"}],"wp:term":[{"taxonomy":"product_brand","embeddable":true,"href":"https:\/\/rociolamichesteticayspa.com\/index.php\/wp-json\/wp\/v2\/product_brand?post=1137"},{"taxonomy":"product_cat","embeddable":true,"href":"https:\/\/rociolamichesteticayspa.com\/index.php\/wp-json\/wp\/v2\/product_cat?post=1137"},{"taxonomy":"product_tag","embeddable":true,"href":"https:\/\/rociolamichesteticayspa.com\/index.php\/wp-json\/wp\/v2\/product_tag?post=1137"}],"curies":[{"name":"wp","href":"https:\/\/api.w.org\/{rel}","templated":true}]}}