{"id":1010,"date":"2025-10-09T18:12:19","date_gmt":"2025-10-09T22:12:19","guid":{"rendered":"https:\/\/rociolamichesteticayspa.com\/?post_type=product&#038;p=1010"},"modified":"2026-02-12T09:03:33","modified_gmt":"2026-02-12T13:03:33","slug":"masaje-integral","status":"publish","type":"product","link":"https:\/\/rociolamichesteticayspa.com\/index.php\/product\/masaje-integral\/","title":{"rendered":"Masaje Integral"},"content":{"rendered":"","protected":false},"excerpt":{"rendered":"<p data-start=\"2730\" data-end=\"3073\">Un tratamiento completo que combina t\u00e9cnicas relajantes, terap\u00e9uticas y energ\u00e9ticas para cuidar tu cuerpo de forma hol\u00edstica.<\/p>\n<p data-start=\"2730\" data-end=\"3073\">Ayuda a equilibrar el sistema nervioso, mejorar la circulaci\u00f3n y eliminar bloqueos musculares o emocionales. Sentir\u00e1s c\u00f3mo se restaura tu armon\u00eda f\u00edsica y mental.<\/p>\n","protected":false},"featured_media":1040,"template":"","meta":{"_joinchat":[]},"product_brand":[],"product_cat":[24],"product_tag":[],"class_list":{"0":"post-1010","1":"product","2":"type-product","3":"status-publish","4":"has-post-thumbnail","6":"product_cat-masajes","8":"first","9":"instock","10":"shipping-taxable","11":"purchasable","12":"product-type-simple"},"tiered_pricing_type":"fixed","tiered_pricing_fixed_rules":[],"tiered_pricing_percentage_rules":[],"tiered_pricing_minimum":1,"tiered_pricing_roles_data":[],"_links":{"self":[{"href":"https:\/\/rociolamichesteticayspa.com\/index.php\/wp-json\/wp\/v2\/product\/1010","targetHints":{"allow":["GET"]}}],"collection":[{"href":"https:\/\/rociolamichesteticayspa.com\/index.php\/wp-json\/wp\/v2\/product"}],"about":[{"href":"https:\/\/rociolamichesteticayspa.com\/index.php\/wp-json\/wp\/v2\/types\/product"}],"wp:featuredmedia":[{"embeddable":true,"href":"https:\/\/rociolamichesteticayspa.com\/index.php\/wp-json\/wp\/v2\/media\/1040"}],"wp:attachment":[{"href":"https:\/\/rociolamichesteticayspa.com\/index.php\/wp-json\/wp\/v2\/media?parent=1010"}],"wp:term":[{"taxonomy":"product_brand","embeddable":true,"href":"https:\/\/rociolamichesteticayspa.com\/index.php\/wp-json\/wp\/v2\/product_brand?post=1010"},{"taxonomy":"product_cat","embeddable":true,"href":"https:\/\/rociolamichesteticayspa.com\/index.php\/wp-json\/wp\/v2\/product_cat?post=1010"},{"taxonomy":"product_tag","embeddable":true,"href":"https:\/\/rociolamichesteticayspa.com\/index.php\/wp-json\/wp\/v2\/product_tag?post=1010"}],"curies":[{"name":"wp","href":"https:\/\/api.w.org\/{rel}","templated":true}]}}